{"id":151441,"date":"2025-11-13T09:53:29","date_gmt":"2025-11-13T09:53:29","guid":{"rendered":"https:\/\/engstromindustry.com\/?post_type=product&#038;p=151441"},"modified":"2025-11-13T10:35:32","modified_gmt":"2025-11-13T10:35:32","slug":"przecinarka-do-rolek-papieru-do-badan-w-sluzbie-zdrowia","status":"publish","type":"product","link":"https:\/\/engstromindustry.com\/pl\/produkt\/przecinarka-do-rolek-papieru-do-badan-w-sluzbie-zdrowia\/","title":{"rendered":"Obcinarka do papieru le\u017cankowego dla s\u0142u\u017cby zdrowia."},"content":{"rendered":"","protected":false},"excerpt":{"rendered":"<p data-start=\"217\" data-end=\"290\">Obcinarka do papieru z z\u0105bkowanym ostrzem, zaprojektowana do \u015brodowisk medycznych.<\/p>\n<p data-start=\"292\" data-end=\"555\">Odkryj nasz <strong data-start=\"305\" data-end=\"342\">obcinak do rolek papieru<\/strong><span style=\"box-sizing: border-box; margin: 0px; padding: 0px;\"><strong> z z\u0105bkowanym ostrzem<\/strong>, zaprojektowany specjalnie z my\u015bl\u0105 o plac\u00f3wkach opieki zdrowotnej, w kt\u00f3rych codziennie u\u017cywa si\u0119 papieru do bada\u0144<\/span>. Jego <strong data-start=\"437\" data-end=\"460\">solidna konstrukcja<\/strong> u\u0142atwia szybkie i higieniczne rozwijanie, ci\u0119cie i wymian\u0119 papieru mi\u0119dzy pacjentami. <\/p>\n<p data-start=\"557\" data-end=\"831\">Nasze no\u017ce do ci\u0119cia papieru w rolkach s\u0105 dost\u0119pne w kilku szeroko\u015bciach, przy czym <strong data-start=\"612\" data-end=\"621\">60 cm<\/strong> to najpopularniejszy rozmiar do badania papieru do tapczan\u00f3w. <strong data-start=\"682\" data-end=\"700\">Z\u0105bkowane ostrze<\/strong> zapewnia czyste, precyzyjne ci\u0119cie i jest kompatybilne ze wszystkimi rodzajami papieru na kozetki, w tym z tymi o nieco grubszej strukturze. <\/p>\n<h5 data-start=\"833\" data-end=\"881\">Opcje monta\u017cu z dodatkowymi wspornikami:<\/h5>\n<p data-start=\"884\" data-end=\"931\"><strong data-start=\"884\" data-end=\"902\">Odcinak rolki papieru UD <\/strong>&#8211; Montowany pod lad\u0105.<br \/>\n<strong data-start=\"934\" data-end=\"973\">Obcinarka do papieru w rolce V ze <a href=\"https:\/\/engstromindustry.com\/pl\/produkt\/standard-konsoli\/\">standardowym uchwytem<\/a><\/strong> &#8211; mo\u017cliwo\u015b\u0107 monta\u017cu na \u015bcianie lub pod lad\u0105.<br \/>\n<strong data-start=\"1027\" data-end=\"1061\">Obcinarka do papieru w rolce LV ze <a href=\"https:\/\/engstromindustry.com\/pl\/produkt\/konsola-lv-combi\/\">wspornikiem LV<\/a><\/strong> &#8211; Mo\u017cliwo\u015b\u0107 monta\u017cu na \u015bcianie, na blacie, pionowo lub pod blatem.<br \/>\n<strong data-start=\"1142\" data-end=\"1182\">Obcinarka do papieru UD z <a href=\"https:\/\/engstromindustry.com\/pl\/produkt\/przenosna-konsola\/\">przeno\u015bnym uchwytem<\/a><\/strong> &#8211; model wolnostoj\u0105cy do u\u017cytku na stole.<br \/>\n<strong data-start=\"1226\" data-end=\"1266\">Obcinarka do papieru w rolce UD ze <a href=\"https:\/\/engstromindustry.com\/pl\/produkt\/wspornik-scienny-90\/\">wspornikiem \u015bciennym 90\u00b0<\/a><\/strong> &#8211; Monta\u017c na \u015bcianie w celu wy\u017cszego umieszczenia.<br \/>\nObcinarka <strong data-start=\"1315\" data-end=\"1352\">do papieru UD z <a href=\"https:\/\/engstromindustry.com\/pl\/produkt\/konsola-combi\/\">uchwytem Combi<\/a><\/strong> &#8211; mo\u017ce by\u0107 zamontowana na \u015bcianie lub u\u017cywana jako wolnostoj\u0105ca na stole.<\/p>\n<p data-start=\"884\" data-end=\"931\">Odcinak rolki papieru jest dostarczany w standardowym kolorze <strong data-start=\"50\" data-end=\"59\">bia\u0142ym<\/strong>.<\/p>\n","protected":false},"featured_media":152433,"comment_status":"open","ping_status":"closed","template":"","meta":{"_monsterinsights_skip_tracking":false,"_monsterinsights_sitenote_active":false,"_monsterinsights_sitenote_note":"","_monsterinsights_sitenote_category":0},"product_brand":[],"product_cat":[468,453],"product_tag":[],"class_list":{"0":"post-151441","1":"product","2":"type-product","3":"status-publish","4":"has-post-thumbnail","6":"product_cat-opieka-zdrowotna","7":"product_cat-uchwyt-rolki","8":"pa_paper-width-100cm","9":"pa_paper-width-120cm","10":"pa_paper-width-150cm","11":"pa_paper-width-20cm","12":"pa_paper-width-40cm","13":"pa_paper-width-50cm","14":"pa_paper-width-57cm","15":"pa_paper-width-60cm","16":"pa_paper-width-70cm","17":"pa_paper-width-75cm","18":"pa_paper-width-80cm","20":"first","21":"instock","22":"taxable","23":"shipping-taxable","24":"purchasable","25":"product-type-variable","26":"add-to-wishlist-before_image"},"_links":{"self":[{"href":"https:\/\/engstromindustry.com\/pl\/wp-json\/wp\/v2\/product\/151441","targetHints":{"allow":["GET"]}}],"collection":[{"href":"https:\/\/engstromindustry.com\/pl\/wp-json\/wp\/v2\/product"}],"about":[{"href":"https:\/\/engstromindustry.com\/pl\/wp-json\/wp\/v2\/types\/product"}],"replies":[{"embeddable":true,"href":"https:\/\/engstromindustry.com\/pl\/wp-json\/wp\/v2\/comments?post=151441"}],"wp:featuredmedia":[{"embeddable":true,"href":"https:\/\/engstromindustry.com\/pl\/wp-json\/wp\/v2\/media\/152433"}],"wp:attachment":[{"href":"https:\/\/engstromindustry.com\/pl\/wp-json\/wp\/v2\/media?parent=151441"}],"wp:term":[{"taxonomy":"product_brand","embeddable":true,"href":"https:\/\/engstromindustry.com\/pl\/wp-json\/wp\/v2\/product_brand?post=151441"},{"taxonomy":"product_cat","embeddable":true,"href":"https:\/\/engstromindustry.com\/pl\/wp-json\/wp\/v2\/product_cat?post=151441"},{"taxonomy":"product_tag","embeddable":true,"href":"https:\/\/engstromindustry.com\/pl\/wp-json\/wp\/v2\/product_tag?post=151441"}],"curies":[{"name":"wp","href":"https:\/\/api.w.org\/{rel}","templated":true}]}}