{"id":147994,"date":"2025-10-21T13:40:40","date_gmt":"2025-10-21T13:40:40","guid":{"rendered":"https:\/\/engstromindustry.com\/product\/wsparcie-pacmobil\/"},"modified":"2025-10-21T13:40:40","modified_gmt":"2025-10-21T13:40:40","slug":"wsparcie-pacmobil","status":"publish","type":"product","link":"https:\/\/engstromindustry.com\/pl\/produkt\/wsparcie-pacmobil\/","title":{"rendered":"Wsparcie PacMobil"},"content":{"rendered":"<p>m<\/p>\n","protected":false},"excerpt":{"rendered":"<p>PacMobil Support to wydajny i elastyczny dysk do owijania, zaprojektowany specjalnie w celu u\u0142atwienia procesu pracy dzi\u0119ki wbudowanemu obcinakowi.<\/p>\n<p><strong>Wyposa\u017cenie:<\/strong> Mie\u015bci od dw\u00f3ch do trzech rolek prezent\u00f3w i jedn\u0105 rolk\u0119 tektury falistej, pi\u0119\u0107 rolek wst\u0105\u017cki prezentowej i jeden uchwyt na ta\u015bm\u0119.<br \/>\n<strong>Wbudowany obcinak:<\/strong> P\u0142ynne i precyzyjne ci\u0119cie papieru i tektury falistej dzi\u0119ki wbudowanemu obcinakowi.<br \/>\n<strong>G\u00f3rny wspornik i podstawka:<\/strong> Do ta\u015bm prezentowych i uchwyt\u00f3w na ta\u015bm\u0119, zapewniaj\u0105ce dodatkow\u0105 funkcjonalno\u015b\u0107.<br \/>\n<strong>Mobilny i zamykany:<\/strong> K\u00f3\u0142ka z blokad\u0105 u\u0142atwiaj\u0105 przemieszczanie i zapewniaj\u0105 stabilno\u015b\u0107 w razie potrzeby.<\/p>\n<p>PacMobil Support mo\u017cna kupi\u0107, wynaj\u0105\u0107 lub wydzier\u017cawi\u0107 na potrzeby kr\u00f3tkoterminowe, takie jak zakupy \u015bwi\u0105teczne, promocje i inne szczytowe okresy. Jest idealny do zarz\u0105dzania zwi\u0119kszon\u0105 aktywno\u015bci\u0105 w tych okresach i zapewnia wydajn\u0105 i zorganizowan\u0105 przestrze\u0144 robocz\u0105. <\/p>\n<p>Zam\u00f3w PacMobil Support ju\u017c dzi\u015b i do\u015bwiadcz lepszego pakowania i przechowywania.<\/p>\n<p>Skontaktuj si\u0119 z nami, aby uzyska\u0107 wi\u0119cej informacji na temat zakupu, wynajmu lub sprzeda\u017cy ratalnej: <a href=\"mailto:order@engstromindustry.com\">order@engstromindustry.com.<\/a><\/p>\n","protected":false},"featured_media":146753,"comment_status":"closed","ping_status":"closed","template":"","meta":{"_monsterinsights_skip_tracking":false,"_monsterinsights_sitenote_active":false,"_monsterinsights_sitenote_note":"","_monsterinsights_sitenote_category":0},"product_brand":[],"product_cat":[459,445,442,460],"product_tag":[450,449,461],"class_list":{"0":"post-147994","1":"product","2":"type-product","3":"status-publish","4":"has-post-thumbnail","6":"product_cat-przecinaki","7":"product_cat-przemysl","8":"product_cat-sprzedaz-detaliczna","9":"product_cat-wynajem","10":"product_tag-przemyslowy","11":"product_tag-sprzedaz-detaliczna","12":"product_tag-wypozyczalnie","14":"first","15":"instock","16":"purchasable","17":"product-type-simple","18":"add-to-wishlist-before_image"},"_links":{"self":[{"href":"https:\/\/engstromindustry.com\/pl\/wp-json\/wp\/v2\/product\/147994","targetHints":{"allow":["GET"]}}],"collection":[{"href":"https:\/\/engstromindustry.com\/pl\/wp-json\/wp\/v2\/product"}],"about":[{"href":"https:\/\/engstromindustry.com\/pl\/wp-json\/wp\/v2\/types\/product"}],"replies":[{"embeddable":true,"href":"https:\/\/engstromindustry.com\/pl\/wp-json\/wp\/v2\/comments?post=147994"}],"wp:featuredmedia":[{"embeddable":true,"href":"https:\/\/engstromindustry.com\/pl\/wp-json\/wp\/v2\/media\/146753"}],"wp:attachment":[{"href":"https:\/\/engstromindustry.com\/pl\/wp-json\/wp\/v2\/media?parent=147994"}],"wp:term":[{"taxonomy":"product_brand","embeddable":true,"href":"https:\/\/engstromindustry.com\/pl\/wp-json\/wp\/v2\/product_brand?post=147994"},{"taxonomy":"product_cat","embeddable":true,"href":"https:\/\/engstromindustry.com\/pl\/wp-json\/wp\/v2\/product_cat?post=147994"},{"taxonomy":"product_tag","embeddable":true,"href":"https:\/\/engstromindustry.com\/pl\/wp-json\/wp\/v2\/product_tag?post=147994"}],"curies":[{"name":"wp","href":"https:\/\/api.w.org\/{rel}","templated":true}]}}