{"id":147299,"date":"2024-07-03T08:52:51","date_gmt":"2024-07-03T08:52:51","guid":{"rendered":"https:\/\/engstromindustry.com\/product\/stojak-tasmowy-combi-2\/"},"modified":"2024-07-03T08:52:51","modified_gmt":"2024-07-03T08:52:51","slug":"stojak-tasmowy-combi-2","status":"publish","type":"product","link":"https:\/\/engstromindustry.com\/pl\/produkt\/stojak-tasmowy-combi-2\/","title":{"rendered":"Stojak ta\u015bmowy Combi 2"},"content":{"rendered":"","protected":false},"excerpt":{"rendered":"<p>Odkryj nasz klasyczny stojak na wst\u0105\u017cki Combi 2, zaprojektowany do wydajnego i praktycznego pakowania prezent\u00f3w.<br \/>\nTen wytrzyma\u0142y produkt wa\u017cy 2,5 kg i stoi stabilnie, dzi\u0119ki czemu idealnie nadaje si\u0119 do miejsca pracy.<\/p>\n<p>Combi 2 ma miejsce na dwie ta\u015bmy prezentowe i uchwyt na ta\u015bm\u0119 z odrywaniem, idealny do wi\u0119kszych wydajno\u015bci.<br \/>\nJest wyposa\u017cony w spr\u0119\u017cyn\u0119 hamuj\u0105c\u0105 na rolkach ta\u015bmy i gumow\u0105 os\u0142on\u0119 antypo\u015blizgow\u0105 dla dodatkowej stabilno\u015bci. Ponadto dost\u0119pne s\u0105 lu\u017ane cz\u0119\u015bci zamienne do d\u0142ugotrwa\u0142ego u\u017cytkowania. <\/p>\n<p>Wybierz spo\u015br\u00f3d bia\u0142ych, srebrnych i czarnych kolor\u00f3w, aby dopasowa\u0107 je do swojego stylu i \u015brodowiska pracy.<\/p>\n","protected":false},"featured_media":145713,"comment_status":"closed","ping_status":"closed","template":"","meta":{"_monsterinsights_skip_tracking":false,"_monsterinsights_sitenote_active":false,"_monsterinsights_sitenote_note":"","_monsterinsights_sitenote_category":0},"product_brand":[],"product_cat":[465,442],"product_tag":[449],"class_list":{"0":"post-147299","1":"product","2":"type-product","3":"status-publish","4":"has-post-thumbnail","6":"product_cat-bandstand-pl","7":"product_cat-sprzedaz-detaliczna","8":"product_tag-sprzedaz-detaliczna","10":"first","11":"instock","12":"purchasable","13":"product-type-variable","14":"add-to-wishlist-before_image"},"_links":{"self":[{"href":"https:\/\/engstromindustry.com\/pl\/wp-json\/wp\/v2\/product\/147299","targetHints":{"allow":["GET"]}}],"collection":[{"href":"https:\/\/engstromindustry.com\/pl\/wp-json\/wp\/v2\/product"}],"about":[{"href":"https:\/\/engstromindustry.com\/pl\/wp-json\/wp\/v2\/types\/product"}],"replies":[{"embeddable":true,"href":"https:\/\/engstromindustry.com\/pl\/wp-json\/wp\/v2\/comments?post=147299"}],"wp:featuredmedia":[{"embeddable":true,"href":"https:\/\/engstromindustry.com\/pl\/wp-json\/wp\/v2\/media\/145713"}],"wp:attachment":[{"href":"https:\/\/engstromindustry.com\/pl\/wp-json\/wp\/v2\/media?parent=147299"}],"wp:term":[{"taxonomy":"product_brand","embeddable":true,"href":"https:\/\/engstromindustry.com\/pl\/wp-json\/wp\/v2\/product_brand?post=147299"},{"taxonomy":"product_cat","embeddable":true,"href":"https:\/\/engstromindustry.com\/pl\/wp-json\/wp\/v2\/product_cat?post=147299"},{"taxonomy":"product_tag","embeddable":true,"href":"https:\/\/engstromindustry.com\/pl\/wp-json\/wp\/v2\/product_tag?post=147299"}],"curies":[{"name":"wp","href":"https:\/\/api.w.org\/{rel}","templated":true}]}}