{"id":147277,"date":"2024-07-03T08:52:51","date_gmt":"2024-07-03T08:52:51","guid":{"rendered":"https:\/\/engstromindustry.com\/product\/stojak-tasmowy-combi-1\/"},"modified":"2024-07-03T08:52:51","modified_gmt":"2024-07-03T08:52:51","slug":"stojak-tasmowy-combi-1","status":"publish","type":"product","link":"https:\/\/engstromindustry.com\/pl\/produkt\/stojak-tasmowy-combi-1\/","title":{"rendered":"Stojak ta\u015bmowy Combi 1"},"content":{"rendered":"","protected":false},"excerpt":{"rendered":"<p>Uchwyt na wst\u0105\u017ck\u0119 Combi 1 to klasyczne i stylowe rozwi\u0105zanie, kt\u00f3re wytrzymuje ci\u0119\u017car 2,5 kg. Zaprojektowany do przechowywania jednej rolki wst\u0105\u017cki, uchwyt ten jest idealny, gdy dok\u0142adnie wiesz, kt\u00f3rego sznurka chcesz u\u017cy\u0107 do pakowania prezent\u00f3w. <\/p>\n<p>Combi 1 posiada r\u00f3wnie\u017c uchwyt na ta\u015bm\u0119 z funkcj\u0105 odrywania, dzi\u0119ki czemu jest praktycznym i wydajnym elementem przestrzeni roboczej. Wyposa\u017cony w spr\u0119\u017cyny hamulcowe na rolkach ta\u015bmy i gumow\u0105 os\u0142on\u0119 antypo\u015blizgow\u0105, zapewnia zar\u00f3wno stabilno\u015b\u0107, jak i \u0142atwo\u015b\u0107 u\u017cytkowania. <\/p>\n<p>Wybierz spo\u015br\u00f3d bia\u0142ych, srebrnych i czarnych kolor\u00f3w, aby uzupe\u0142ni\u0107 sw\u00f3j styl i \u015brodowisko pracy.<\/p>\n","protected":false},"featured_media":145719,"comment_status":"closed","ping_status":"closed","template":"","meta":{"_monsterinsights_skip_tracking":false,"_monsterinsights_sitenote_active":false,"_monsterinsights_sitenote_note":"","_monsterinsights_sitenote_category":0},"product_brand":[],"product_cat":[465,442],"product_tag":[449],"class_list":{"0":"post-147277","1":"product","2":"type-product","3":"status-publish","4":"has-post-thumbnail","6":"product_cat-bandstand-pl","7":"product_cat-sprzedaz-detaliczna","8":"product_tag-sprzedaz-detaliczna","10":"first","11":"instock","12":"purchasable","13":"product-type-variable","14":"add-to-wishlist-before_image"},"_links":{"self":[{"href":"https:\/\/engstromindustry.com\/pl\/wp-json\/wp\/v2\/product\/147277","targetHints":{"allow":["GET"]}}],"collection":[{"href":"https:\/\/engstromindustry.com\/pl\/wp-json\/wp\/v2\/product"}],"about":[{"href":"https:\/\/engstromindustry.com\/pl\/wp-json\/wp\/v2\/types\/product"}],"replies":[{"embeddable":true,"href":"https:\/\/engstromindustry.com\/pl\/wp-json\/wp\/v2\/comments?post=147277"}],"wp:featuredmedia":[{"embeddable":true,"href":"https:\/\/engstromindustry.com\/pl\/wp-json\/wp\/v2\/media\/145719"}],"wp:attachment":[{"href":"https:\/\/engstromindustry.com\/pl\/wp-json\/wp\/v2\/media?parent=147277"}],"wp:term":[{"taxonomy":"product_brand","embeddable":true,"href":"https:\/\/engstromindustry.com\/pl\/wp-json\/wp\/v2\/product_brand?post=147277"},{"taxonomy":"product_cat","embeddable":true,"href":"https:\/\/engstromindustry.com\/pl\/wp-json\/wp\/v2\/product_cat?post=147277"},{"taxonomy":"product_tag","embeddable":true,"href":"https:\/\/engstromindustry.com\/pl\/wp-json\/wp\/v2\/product_tag?post=147277"}],"curies":[{"name":"wp","href":"https:\/\/api.w.org\/{rel}","templated":true}]}}