{"id":147268,"date":"2024-07-03T08:52:51","date_gmt":"2024-07-03T08:52:51","guid":{"rendered":"https:\/\/engstromindustry.com\/product\/stojak-tasmowy-combi-6\/"},"modified":"2024-07-03T08:52:51","modified_gmt":"2024-07-03T08:52:51","slug":"stojak-tasmowy-combi-6","status":"publish","type":"product","link":"https:\/\/engstromindustry.com\/pl\/produkt\/stojak-tasmowy-combi-6\/","title":{"rendered":"Stojak ta\u015bmowy Combi 6"},"content":{"rendered":"","protected":false},"excerpt":{"rendered":"<p>Odmie\u0144 swoj\u0105 lad\u0119 sklepow\u0105 dzi\u0119ki stojakowi na wst\u0105\u017cki Combi 6, bestsellerowi zaprojektowanemu z my\u015bl\u0105 o zapewnieniu szerokiej gamy wst\u0105\u017cek i ta\u015bm prezentowych w jednym miejscu. Idealny do prezentowania wielu opcji wst\u0105\u017cek prezentowych w elegancki i praktyczny spos\u00f3b. <\/p>\n<p>Z miejscem na sze\u015b\u0107 rolek ta\u015bmy prezentowej, uchwytem na ta\u015bm\u0119, odrywaczem i miejscem na no\u017cyczki, Combi 6 oferuje zar\u00f3wno funkcjonalno\u015b\u0107, jak i wygod\u0119. Wa\u017cy 4 kg i mo\u017cna go \u0142atwo zamontowa\u0107 na \u015bcianie, aby zaoszcz\u0119dzi\u0107 miejsce na blacie. <\/p>\n<p>Wybierz standardowy srebrny kolor lub postaw na nowoczesny akcent w postaci antracytu lub czerni.<\/p>\n<p>Zam\u00f3w ju\u017c dzi\u015b rega\u0142 transportowy Combi 6 i zoptymalizuj sw\u00f3j sklep dzi\u0119ki rozwi\u0105zaniu, kt\u00f3re \u0142\u0105czy w sobie styl i funkcjonalno\u015b\u0107!<\/p>\n","protected":false},"featured_media":145739,"comment_status":"closed","ping_status":"closed","template":"","meta":{"_monsterinsights_skip_tracking":false,"_monsterinsights_sitenote_active":false,"_monsterinsights_sitenote_note":"","_monsterinsights_sitenote_category":0},"product_brand":[],"product_cat":[465,442],"product_tag":[449],"class_list":{"0":"post-147268","1":"product","2":"type-product","3":"status-publish","4":"has-post-thumbnail","6":"product_cat-bandstand-pl","7":"product_cat-sprzedaz-detaliczna","8":"product_tag-sprzedaz-detaliczna","10":"first","11":"instock","12":"purchasable","13":"product-type-variable","14":"add-to-wishlist-before_image"},"_links":{"self":[{"href":"https:\/\/engstromindustry.com\/pl\/wp-json\/wp\/v2\/product\/147268","targetHints":{"allow":["GET"]}}],"collection":[{"href":"https:\/\/engstromindustry.com\/pl\/wp-json\/wp\/v2\/product"}],"about":[{"href":"https:\/\/engstromindustry.com\/pl\/wp-json\/wp\/v2\/types\/product"}],"replies":[{"embeddable":true,"href":"https:\/\/engstromindustry.com\/pl\/wp-json\/wp\/v2\/comments?post=147268"}],"wp:featuredmedia":[{"embeddable":true,"href":"https:\/\/engstromindustry.com\/pl\/wp-json\/wp\/v2\/media\/145739"}],"wp:attachment":[{"href":"https:\/\/engstromindustry.com\/pl\/wp-json\/wp\/v2\/media?parent=147268"}],"wp:term":[{"taxonomy":"product_brand","embeddable":true,"href":"https:\/\/engstromindustry.com\/pl\/wp-json\/wp\/v2\/product_brand?post=147268"},{"taxonomy":"product_cat","embeddable":true,"href":"https:\/\/engstromindustry.com\/pl\/wp-json\/wp\/v2\/product_cat?post=147268"},{"taxonomy":"product_tag","embeddable":true,"href":"https:\/\/engstromindustry.com\/pl\/wp-json\/wp\/v2\/product_tag?post=147268"}],"curies":[{"name":"wp","href":"https:\/\/api.w.org\/{rel}","templated":true}]}}