{"id":147265,"date":"2024-07-03T08:53:40","date_gmt":"2024-07-03T08:53:40","guid":{"rendered":"https:\/\/engstromindustry.com\/product\/stojak-na-stol-60\/"},"modified":"2024-07-03T08:53:40","modified_gmt":"2024-07-03T08:53:40","slug":"stojak-na-stol-60","status":"publish","type":"product","link":"https:\/\/engstromindustry.com\/pl\/produkt\/stojak-na-stol-60\/","title":{"rendered":"Stojak na st\u00f3\u0142 60"},"content":{"rendered":"","protected":false},"excerpt":{"rendered":"<p>Ten stojak sto\u0142owy jest przeznaczony do przechowywania szpul o szeroko\u015bci do 60 cm i jest kompatybilny ze standardowymi uchwytami na szpule typu LV.<br \/>\nStojak mo\u017cna \u0142atwo przykr\u0119ci\u0107 do blatu, aby uzyska\u0107 dodatkow\u0105 stabilno\u015b\u0107, lub pozostawi\u0107 go wolnostoj\u0105cego na pod\u0142odze, w zale\u017cno\u015bci od potrzeb.<\/p>\n<p>Standardowy kolor to bia\u0142y, dzi\u0119ki czemu stojak nadaje si\u0119 do wi\u0119kszo\u015bci \u015brodowisk pracy.<\/p>\n","protected":false},"featured_media":145572,"comment_status":"closed","ping_status":"closed","template":"","meta":{"_monsterinsights_skip_tracking":false,"_monsterinsights_sitenote_active":false,"_monsterinsights_sitenote_note":"","_monsterinsights_sitenote_category":0},"product_brand":[],"product_cat":[445,442,454],"product_tag":[450,449],"class_list":{"0":"post-147265","1":"product","2":"type-product","3":"status-publish","4":"has-post-thumbnail","6":"product_cat-przemysl","7":"product_cat-sprzedaz-detaliczna","8":"product_cat-stojak-podlogowy","9":"product_tag-przemyslowy","10":"product_tag-sprzedaz-detaliczna","12":"first","13":"instock","14":"purchasable","15":"product-type-simple","16":"add-to-wishlist-before_image"},"_links":{"self":[{"href":"https:\/\/engstromindustry.com\/pl\/wp-json\/wp\/v2\/product\/147265","targetHints":{"allow":["GET"]}}],"collection":[{"href":"https:\/\/engstromindustry.com\/pl\/wp-json\/wp\/v2\/product"}],"about":[{"href":"https:\/\/engstromindustry.com\/pl\/wp-json\/wp\/v2\/types\/product"}],"replies":[{"embeddable":true,"href":"https:\/\/engstromindustry.com\/pl\/wp-json\/wp\/v2\/comments?post=147265"}],"wp:featuredmedia":[{"embeddable":true,"href":"https:\/\/engstromindustry.com\/pl\/wp-json\/wp\/v2\/media\/145572"}],"wp:attachment":[{"href":"https:\/\/engstromindustry.com\/pl\/wp-json\/wp\/v2\/media?parent=147265"}],"wp:term":[{"taxonomy":"product_brand","embeddable":true,"href":"https:\/\/engstromindustry.com\/pl\/wp-json\/wp\/v2\/product_brand?post=147265"},{"taxonomy":"product_cat","embeddable":true,"href":"https:\/\/engstromindustry.com\/pl\/wp-json\/wp\/v2\/product_cat?post=147265"},{"taxonomy":"product_tag","embeddable":true,"href":"https:\/\/engstromindustry.com\/pl\/wp-json\/wp\/v2\/product_tag?post=147265"}],"curies":[{"name":"wp","href":"https:\/\/api.w.org\/{rel}","templated":true}]}}