{"id":147260,"date":"2024-07-03T08:53:40","date_gmt":"2024-07-03T08:53:40","guid":{"rendered":"https:\/\/engstromindustry.com\/product\/stojak-na-stol-80\/"},"modified":"2024-07-03T08:53:40","modified_gmt":"2024-07-03T08:53:40","slug":"stojak-na-stol-80","status":"publish","type":"product","link":"https:\/\/engstromindustry.com\/pl\/produkt\/stojak-na-stol-80\/","title":{"rendered":"Stojak na st\u00f3\u0142 80"},"content":{"rendered":"","protected":false},"excerpt":{"rendered":"<p>Upro\u015b\u0107 przechowywanie papieru dzi\u0119ki naszemu prostemu stojakowi sto\u0142owemu, uzupe\u0142nionemu o nasz standardowy uchwyt na rolki typu LV, zaprojektowany do przechowywania rolek o szeroko\u015bci do 80 cm.<\/p>\n<p>Ten wszechstronny produkt mo\u017cna \u0142atwo przykr\u0119ci\u0107 do lady, aby zapewni\u0107 stabilno\u015b\u0107, lub pozostawi\u0107 luzem na pod\u0142odze w zale\u017cno\u015bci od potrzeb.<\/p>\n<p>W standardowym kolorze stylowej bieli.<\/p>\n","protected":false},"featured_media":145572,"comment_status":"closed","ping_status":"closed","template":"","meta":{"_monsterinsights_skip_tracking":false,"_monsterinsights_sitenote_active":false,"_monsterinsights_sitenote_note":"","_monsterinsights_sitenote_category":0},"product_brand":[],"product_cat":[445,442,454],"product_tag":[450,449],"class_list":{"0":"post-147260","1":"product","2":"type-product","3":"status-publish","4":"has-post-thumbnail","6":"product_cat-przemysl","7":"product_cat-sprzedaz-detaliczna","8":"product_cat-stojak-podlogowy","9":"product_tag-przemyslowy","10":"product_tag-sprzedaz-detaliczna","12":"first","13":"instock","14":"purchasable","15":"product-type-simple","16":"add-to-wishlist-before_image"},"_links":{"self":[{"href":"https:\/\/engstromindustry.com\/pl\/wp-json\/wp\/v2\/product\/147260","targetHints":{"allow":["GET"]}}],"collection":[{"href":"https:\/\/engstromindustry.com\/pl\/wp-json\/wp\/v2\/product"}],"about":[{"href":"https:\/\/engstromindustry.com\/pl\/wp-json\/wp\/v2\/types\/product"}],"replies":[{"embeddable":true,"href":"https:\/\/engstromindustry.com\/pl\/wp-json\/wp\/v2\/comments?post=147260"}],"wp:featuredmedia":[{"embeddable":true,"href":"https:\/\/engstromindustry.com\/pl\/wp-json\/wp\/v2\/media\/145572"}],"wp:attachment":[{"href":"https:\/\/engstromindustry.com\/pl\/wp-json\/wp\/v2\/media?parent=147260"}],"wp:term":[{"taxonomy":"product_brand","embeddable":true,"href":"https:\/\/engstromindustry.com\/pl\/wp-json\/wp\/v2\/product_brand?post=147260"},{"taxonomy":"product_cat","embeddable":true,"href":"https:\/\/engstromindustry.com\/pl\/wp-json\/wp\/v2\/product_cat?post=147260"},{"taxonomy":"product_tag","embeddable":true,"href":"https:\/\/engstromindustry.com\/pl\/wp-json\/wp\/v2\/product_tag?post=147260"}],"curies":[{"name":"wp","href":"https:\/\/api.w.org\/{rel}","templated":true}]}}