{"id":147208,"date":"2024-07-03T08:53:25","date_gmt":"2024-07-03T08:53:25","guid":{"rendered":"https:\/\/engstromindustry.com\/product\/antique-402\/"},"modified":"2024-07-03T08:53:25","modified_gmt":"2024-07-03T08:53:25","slug":"antique-402","status":"publish","type":"product","link":"https:\/\/engstromindustry.com\/pl\/produkt\/antique-402\/","title":{"rendered":"Antique 402"},"content":{"rendered":"","protected":false},"excerpt":{"rendered":"<p>Wzboga\u0107 sw\u00f3j sklep o stojak na rolki Antique 402, zaprojektowany z my\u015bl\u0105 o dodaniu ponadczasowego i eleganckiego akcentu do Twojej przestrzeni roboczej. Idealny do mniejszych lad, gdy potrzebny jest tylko papier o szeroko\u015bci 20 cm i 40 cm. Ten stojak na rolki podkre\u015bli papier do pakowania prezent\u00f3w i stanie si\u0119 pi\u0119kn\u0105 cz\u0119\u015bci\u0105 wn\u0119trza sklepu.  <\/p>\n<p>Stojak na rolki Antik 402 jest idealny do mniejszych rolek papieru i jest dost\u0119pny w nast\u0119puj\u0105cych rozmiarach:<\/p>\n<p>Antique 402: Szeroko\u015b\u0107 papieru 40-20 cm<br \/>\nAntique 602: Szeroko\u015b\u0107 papieru 60-40 cm<br \/>\nAntique 603: Szeroko\u015b\u0107 papieru 60-40-20 cm<\/p>\n<p>Wyposa\u017cony w wysokiej jako\u015bci n\u00f3\u017c do ostrego i precyzyjnego ci\u0119cia, ten stojak na rolki oferuje zar\u00f3wno funkcjonalno\u015b\u0107, jak i styl.<br \/>\nAntyczny design z czarnego kutego \u017celaza nadaje klasyczny charakter, z opcj\u0105 wyboru bieli lub z\u0142ota dla dodatkowej elegancji, dost\u0119pnej na zam\u00f3wienie.<\/p>\n<p>Aby dope\u0142ni\u0107 antyczny wygl\u0105d, warto rozwa\u017cy\u0107 nasze sosnowe, mahoniowe lub bejcowane na antyki podn\u00f3\u017cki jako akcesoria.<\/p>\n","protected":false},"featured_media":145891,"comment_status":"closed","ping_status":"closed","template":"","meta":{"_monsterinsights_skip_tracking":false,"_monsterinsights_sitenote_active":false,"_monsterinsights_sitenote_note":"","_monsterinsights_sitenote_category":0},"product_brand":[],"product_cat":[442,453],"product_tag":[449],"class_list":{"0":"post-147208","1":"product","2":"type-product","3":"status-publish","4":"has-post-thumbnail","6":"product_cat-sprzedaz-detaliczna","7":"product_cat-uchwyt-rolki","8":"product_tag-sprzedaz-detaliczna","9":"pa_wooden-base-mahogny","10":"pa_wooden-base-furu","12":"first","13":"instock","14":"purchasable","15":"product-type-variable","16":"add-to-wishlist-before_image"},"_links":{"self":[{"href":"https:\/\/engstromindustry.com\/pl\/wp-json\/wp\/v2\/product\/147208","targetHints":{"allow":["GET"]}}],"collection":[{"href":"https:\/\/engstromindustry.com\/pl\/wp-json\/wp\/v2\/product"}],"about":[{"href":"https:\/\/engstromindustry.com\/pl\/wp-json\/wp\/v2\/types\/product"}],"replies":[{"embeddable":true,"href":"https:\/\/engstromindustry.com\/pl\/wp-json\/wp\/v2\/comments?post=147208"}],"wp:featuredmedia":[{"embeddable":true,"href":"https:\/\/engstromindustry.com\/pl\/wp-json\/wp\/v2\/media\/145891"}],"wp:attachment":[{"href":"https:\/\/engstromindustry.com\/pl\/wp-json\/wp\/v2\/media?parent=147208"}],"wp:term":[{"taxonomy":"product_brand","embeddable":true,"href":"https:\/\/engstromindustry.com\/pl\/wp-json\/wp\/v2\/product_brand?post=147208"},{"taxonomy":"product_cat","embeddable":true,"href":"https:\/\/engstromindustry.com\/pl\/wp-json\/wp\/v2\/product_cat?post=147208"},{"taxonomy":"product_tag","embeddable":true,"href":"https:\/\/engstromindustry.com\/pl\/wp-json\/wp\/v2\/product_tag?post=147208"}],"curies":[{"name":"wp","href":"https:\/\/api.w.org\/{rel}","templated":true}]}}