{"id":147176,"date":"2024-07-03T08:53:25","date_gmt":"2024-07-03T08:53:25","guid":{"rendered":"https:\/\/engstromindustry.com\/product\/stopka-dla-serii-antik\/"},"modified":"2024-07-03T08:53:25","modified_gmt":"2024-07-03T08:53:25","slug":"stopka-dla-serii-antik","status":"publish","type":"product","link":"https:\/\/engstromindustry.com\/pl\/produkt\/stopka-dla-serii-antik\/","title":{"rendered":"Stopka dla serii Antik"},"content":{"rendered":"","protected":false},"excerpt":{"rendered":"<p>Uzupe\u0142nij swoje wn\u0119trze naszymi ekskluzywnymi podn\u00f3\u017ckami, zaprojektowanymi specjalnie dla produkt\u00f3w z serii Antik.<br \/>\nAkcesoria te s\u0105 dost\u0119pne w kolorze sosny, mahoniu i bejcy antycznej, co daje mo\u017cliwo\u015b\u0107 wyboru tego, kt\u00f3ry najlepiej pasuje do Twojego stylu i gustu.<\/p>\n","protected":false},"featured_media":145895,"comment_status":"closed","ping_status":"closed","template":"","meta":{"_monsterinsights_skip_tracking":false,"_monsterinsights_sitenote_active":false,"_monsterinsights_sitenote_note":"","_monsterinsights_sitenote_category":0},"product_brand":[],"product_cat":[453],"product_tag":[449],"class_list":{"0":"post-147176","1":"product","2":"type-product","3":"status-publish","4":"has-post-thumbnail","6":"product_cat-uchwyt-rolki","7":"product_tag-sprzedaz-detaliczna","8":"pa_wooden-base-antik-bets","9":"pa_wooden-base-mahogny","10":"pa_wooden-base-furu","12":"first","13":"instock","14":"purchasable","15":"product-type-variable","16":"add-to-wishlist-before_image"},"_links":{"self":[{"href":"https:\/\/engstromindustry.com\/pl\/wp-json\/wp\/v2\/product\/147176","targetHints":{"allow":["GET"]}}],"collection":[{"href":"https:\/\/engstromindustry.com\/pl\/wp-json\/wp\/v2\/product"}],"about":[{"href":"https:\/\/engstromindustry.com\/pl\/wp-json\/wp\/v2\/types\/product"}],"replies":[{"embeddable":true,"href":"https:\/\/engstromindustry.com\/pl\/wp-json\/wp\/v2\/comments?post=147176"}],"wp:featuredmedia":[{"embeddable":true,"href":"https:\/\/engstromindustry.com\/pl\/wp-json\/wp\/v2\/media\/145895"}],"wp:attachment":[{"href":"https:\/\/engstromindustry.com\/pl\/wp-json\/wp\/v2\/media?parent=147176"}],"wp:term":[{"taxonomy":"product_brand","embeddable":true,"href":"https:\/\/engstromindustry.com\/pl\/wp-json\/wp\/v2\/product_brand?post=147176"},{"taxonomy":"product_cat","embeddable":true,"href":"https:\/\/engstromindustry.com\/pl\/wp-json\/wp\/v2\/product_cat?post=147176"},{"taxonomy":"product_tag","embeddable":true,"href":"https:\/\/engstromindustry.com\/pl\/wp-json\/wp\/v2\/product_tag?post=147176"}],"curies":[{"name":"wp","href":"https:\/\/api.w.org\/{rel}","templated":true}]}}