{"id":147129,"date":"2024-07-03T08:53:07","date_gmt":"2024-07-03T08:53:07","guid":{"rendered":"https:\/\/engstromindustry.com\/product\/cutters-industry\/"},"modified":"2024-07-03T08:53:07","modified_gmt":"2024-07-03T08:53:07","slug":"cutters-industry","status":"publish","type":"product","link":"https:\/\/engstromindustry.com\/pl\/produkt\/cutters-industry\/","title":{"rendered":"Cutters Industry"},"content":{"rendered":"","protected":false},"excerpt":{"rendered":"<p>Nasza przemys\u0142owa listwa tn\u0105ca redukuje py\u0142 papierowy i tworzy czystsze \u015brodowisko pracy zar\u00f3wno w zastosowaniach przemys\u0142owych, jak i w s\u0142u\u017cbie zdrowia.<\/p>\n<p>Jest elastyczna i jako zestaw mo\u017ce by\u0107 dostosowana do monta\u017cu na pod\u0142odze, na \u015bcianie, na ladzie lub zintegrowana z lad\u0105.<\/p>\n<p> Niezb\u0119dne<strong>cz\u0119\u015bci:<\/strong><\/p>\n<p>Dost\u0119pne we wszystkich d\u0142ugo\u015bciach w zakresie 40-150 cm.<br \/>\nIdealna szeroko\u015b\u0107 dla papieru medycznego: 60 cm.<br \/>\nTnie dok\u0142adnie tyle opakowa\u0144, ile potrzebujesz, bez odpad\u00f3w.<br \/>\nTnie wi\u0119kszo\u015b\u0107 materia\u0142\u00f3w, takich jak papier, plastik, tektura falista, celofan itp.<br \/>\nObcinarka przyczynia si\u0119 do bezpy\u0142owego \u015brodowiska, skutecznie redukuj\u0105c py\u0142 papierowy.<\/p>\n<p>Dost\u0119pna w kolorze bia\u0142ym i srebrnym.<\/p>\n","protected":false},"featured_media":145650,"comment_status":"closed","ping_status":"closed","template":"","meta":{"_monsterinsights_skip_tracking":false,"_monsterinsights_sitenote_active":false,"_monsterinsights_sitenote_note":"","_monsterinsights_sitenote_category":0},"product_brand":[],"product_cat":[459,445],"product_tag":[455,450],"class_list":{"0":"post-147129","1":"product","2":"type-product","3":"status-publish","4":"has-post-thumbnail","6":"product_cat-przecinaki","7":"product_cat-przemysl","8":"product_tag-opieka-zdrowotna","9":"product_tag-przemyslowy","10":"pa_paper-width-100cm","11":"pa_paper-width-120cm","12":"pa_paper-width-150cm","13":"pa_paper-width-40cm","14":"pa_paper-width-60cm","15":"pa_paper-width-80cm","17":"first","18":"instock","19":"purchasable","20":"product-type-variable","21":"add-to-wishlist-before_image"},"_links":{"self":[{"href":"https:\/\/engstromindustry.com\/pl\/wp-json\/wp\/v2\/product\/147129","targetHints":{"allow":["GET"]}}],"collection":[{"href":"https:\/\/engstromindustry.com\/pl\/wp-json\/wp\/v2\/product"}],"about":[{"href":"https:\/\/engstromindustry.com\/pl\/wp-json\/wp\/v2\/types\/product"}],"replies":[{"embeddable":true,"href":"https:\/\/engstromindustry.com\/pl\/wp-json\/wp\/v2\/comments?post=147129"}],"wp:featuredmedia":[{"embeddable":true,"href":"https:\/\/engstromindustry.com\/pl\/wp-json\/wp\/v2\/media\/145650"}],"wp:attachment":[{"href":"https:\/\/engstromindustry.com\/pl\/wp-json\/wp\/v2\/media?parent=147129"}],"wp:term":[{"taxonomy":"product_brand","embeddable":true,"href":"https:\/\/engstromindustry.com\/pl\/wp-json\/wp\/v2\/product_brand?post=147129"},{"taxonomy":"product_cat","embeddable":true,"href":"https:\/\/engstromindustry.com\/pl\/wp-json\/wp\/v2\/product_cat?post=147129"},{"taxonomy":"product_tag","embeddable":true,"href":"https:\/\/engstromindustry.com\/pl\/wp-json\/wp\/v2\/product_tag?post=147129"}],"curies":[{"name":"wp","href":"https:\/\/api.w.org\/{rel}","templated":true}]}}