{"id":147113,"date":"2024-07-03T08:53:07","date_gmt":"2024-07-03T08:53:07","guid":{"rendered":"https:\/\/engstromindustry.com\/product\/pudelko-z-tektury-falistej\/"},"modified":"2024-07-03T08:53:07","modified_gmt":"2024-07-03T08:53:07","slug":"pudelko-z-tektury-falistej","status":"publish","type":"product","link":"https:\/\/engstromindustry.com\/pl\/produkt\/pudelko-z-tektury-falistej\/","title":{"rendered":"Pude\u0142ko z tektury falistej"},"content":{"rendered":"","protected":false},"excerpt":{"rendered":"<p>Wydajne zarz\u0105dzanie rolkami tektury falistej!<br \/>\nOdkryj nasz\u0105 prost\u0105 i inteligentn\u0105 opcj\u0119 do obs\u0142ugi rolek z tektury falistej z kaset\u0105 do tektury falistej. Dzi\u0119ki opatentowanej odrywanej kraw\u0119dzi i elastycznej konstrukcji ta kaseta jest idealna do pakowania wymagaj\u0105cego nieco mocniejszego sprz\u0119tu. <\/p>\n<p><strong>Opatentowane ostrze odrywaj\u0105ce:<\/strong> Zapewnia precyzyjne i g\u0142adkie ci\u0119cie tektury falistej, dost\u0119pne zar\u00f3wno w wersji standardowej, jak i z\u0105bkowanej.<br \/>\n<strong>Ruchome przegrody:<\/strong> dostosowanie wn\u0119trza kasety do r\u00f3\u017cnych szeroko\u015bci tektury falistej i optymalizacja przestrzeni.<br \/>\n<strong>Kompaktowa konstrukcja:<\/strong> idealnie pasuje do przestrzeni roboczej o wymiarach szer. 550 mm, g\u0142. 550 mm, wys. 500 mm.<\/p>\n<p>Pude\u0142ko z tektury falistej jest dost\u0119pne w kolorze srebrnym i czarnym, co u\u0142atwia integracj\u0119 ze \u015brodowiskiem pracy.<\/p>\n","protected":false},"featured_media":145612,"comment_status":"closed","ping_status":"closed","template":"","meta":{"_monsterinsights_skip_tracking":false,"_monsterinsights_sitenote_active":false,"_monsterinsights_sitenote_note":"","_monsterinsights_sitenote_category":0},"product_brand":[],"product_cat":[447,445,442],"product_tag":[450,449],"class_list":{"0":"post-147113","1":"product","2":"type-product","3":"status-publish","4":"has-post-thumbnail","6":"product_cat-kaseta-na-papier","7":"product_cat-przemysl","8":"product_cat-sprzedaz-detaliczna","9":"product_tag-przemyslowy","10":"product_tag-sprzedaz-detaliczna","12":"first","13":"instock","14":"purchasable","15":"product-type-variable","16":"add-to-wishlist-before_image"},"_links":{"self":[{"href":"https:\/\/engstromindustry.com\/pl\/wp-json\/wp\/v2\/product\/147113","targetHints":{"allow":["GET"]}}],"collection":[{"href":"https:\/\/engstromindustry.com\/pl\/wp-json\/wp\/v2\/product"}],"about":[{"href":"https:\/\/engstromindustry.com\/pl\/wp-json\/wp\/v2\/types\/product"}],"replies":[{"embeddable":true,"href":"https:\/\/engstromindustry.com\/pl\/wp-json\/wp\/v2\/comments?post=147113"}],"wp:featuredmedia":[{"embeddable":true,"href":"https:\/\/engstromindustry.com\/pl\/wp-json\/wp\/v2\/media\/145612"}],"wp:attachment":[{"href":"https:\/\/engstromindustry.com\/pl\/wp-json\/wp\/v2\/media?parent=147113"}],"wp:term":[{"taxonomy":"product_brand","embeddable":true,"href":"https:\/\/engstromindustry.com\/pl\/wp-json\/wp\/v2\/product_brand?post=147113"},{"taxonomy":"product_cat","embeddable":true,"href":"https:\/\/engstromindustry.com\/pl\/wp-json\/wp\/v2\/product_cat?post=147113"},{"taxonomy":"product_tag","embeddable":true,"href":"https:\/\/engstromindustry.com\/pl\/wp-json\/wp\/v2\/product_tag?post=147113"}],"curies":[{"name":"wp","href":"https:\/\/api.w.org\/{rel}","templated":true}]}}