{"id":147083,"date":"2024-07-03T08:53:07","date_gmt":"2024-07-03T08:53:07","guid":{"rendered":"https:\/\/engstromindustry.com\/product\/stacja-papieru-60\/"},"modified":"2024-07-03T08:53:07","modified_gmt":"2024-07-03T08:53:07","slug":"stacja-papieru-60","status":"publish","type":"product","link":"https:\/\/engstromindustry.com\/pl\/produkt\/stacja-papieru-60\/","title":{"rendered":"Stacja papieru 60"},"content":{"rendered":"","protected":false},"excerpt":{"rendered":"<p>Paper Station 60 &#8211; Nasza stacja <strong>dla majsterkowicz\u00f3w<\/strong><br \/>\nTo idealna stacja dla majsterkowicz\u00f3w, na kt\u00f3rej klienci mog\u0105 samodzielnie owija\u0107 swoje paczki. Ten nadchodz\u0105cy bestseller by\u0142 z powodzeniem testowany przez kilka lat zar\u00f3wno w ICA, jak i Luftfartsverket Arlanda. <\/p>\n<p>Pojemny: pomie\u015bci dwie rolki papieru o d\u0142ugo\u015bci do 60 cm ka\u017cda oraz dwie wst\u0105\u017cki i ta\u015bm\u0119 do pakowania prezent\u00f3w, u\u0142atwiaj\u0105c utrzymanie porz\u0105dku.<br \/>\nBezpieczne przechowywanie: zamykany schowek na wst\u0105\u017cki do pakowania prezent\u00f3w zapewnia bezpiecze\u0144stwo materia\u0142\u00f3w. Przygotowany na link\u0119 do no\u017cyczek, aby si\u0119 nie zgubi\u0142a.<br \/>\nKompaktowy i wydajny: Wszystko, czego potrzebujesz do pakowania, zebrane w jednym miejscu, aby zapewni\u0107 p\u0142ynn\u0105 obs\u0142ug\u0119. <\/p>\n<p>Standardowym kolorem jest stylowy antracyt, a g\u00f3rn\u0105 cz\u0119\u015b\u0107 stacji Paper Station mo\u017cna dokupi\u0107 osobno, aby uzupe\u0142ni\u0107 konfiguracj\u0119.<\/p>\n<p>Przygotuj si\u0119 do zaoferowania swoim klientom najlepszych wra\u017ce\u0144 podczas pakowania dzi\u0119ki Paper Station 060 PS.<br \/>\nZam\u00f3w ju\u017c dzi\u015b i zapewnij swoim klientom p\u0142ynne wra\u017cenia przed opuszczeniem sklepu.<\/p>\n","protected":false},"featured_media":145585,"comment_status":"closed","ping_status":"closed","template":"","meta":{"_monsterinsights_skip_tracking":false,"_monsterinsights_sitenote_active":false,"_monsterinsights_sitenote_note":"","_monsterinsights_sitenote_category":0},"product_brand":[],"product_cat":[447,445,442],"product_tag":[450,449],"class_list":{"0":"post-147083","1":"product","2":"type-product","3":"status-publish","4":"has-post-thumbnail","6":"product_cat-kaseta-na-papier","7":"product_cat-przemysl","8":"product_cat-sprzedaz-detaliczna","9":"product_tag-przemyslowy","10":"product_tag-sprzedaz-detaliczna","12":"first","13":"instock","14":"purchasable","15":"product-type-variable","16":"add-to-wishlist-before_image"},"_links":{"self":[{"href":"https:\/\/engstromindustry.com\/pl\/wp-json\/wp\/v2\/product\/147083","targetHints":{"allow":["GET"]}}],"collection":[{"href":"https:\/\/engstromindustry.com\/pl\/wp-json\/wp\/v2\/product"}],"about":[{"href":"https:\/\/engstromindustry.com\/pl\/wp-json\/wp\/v2\/types\/product"}],"replies":[{"embeddable":true,"href":"https:\/\/engstromindustry.com\/pl\/wp-json\/wp\/v2\/comments?post=147083"}],"wp:featuredmedia":[{"embeddable":true,"href":"https:\/\/engstromindustry.com\/pl\/wp-json\/wp\/v2\/media\/145585"}],"wp:attachment":[{"href":"https:\/\/engstromindustry.com\/pl\/wp-json\/wp\/v2\/media?parent=147083"}],"wp:term":[{"taxonomy":"product_brand","embeddable":true,"href":"https:\/\/engstromindustry.com\/pl\/wp-json\/wp\/v2\/product_brand?post=147083"},{"taxonomy":"product_cat","embeddable":true,"href":"https:\/\/engstromindustry.com\/pl\/wp-json\/wp\/v2\/product_cat?post=147083"},{"taxonomy":"product_tag","embeddable":true,"href":"https:\/\/engstromindustry.com\/pl\/wp-json\/wp\/v2\/product_tag?post=147083"}],"curies":[{"name":"wp","href":"https:\/\/api.w.org\/{rel}","templated":true}]}}