{"id":147081,"date":"2024-07-03T08:53:07","date_gmt":"2024-07-03T08:53:07","guid":{"rendered":"https:\/\/engstromindustry.com\/product\/wspornik-scienny-90\/"},"modified":"2024-07-03T08:53:07","modified_gmt":"2024-07-03T08:53:07","slug":"wspornik-scienny-90","status":"publish","type":"product","link":"https:\/\/engstromindustry.com\/pl\/produkt\/wspornik-scienny-90\/","title":{"rendered":"Wspornik \u015bcienny 90"},"content":{"rendered":"","protected":false},"excerpt":{"rendered":"<p>Dla bezpiecznego i stabilnego monta\u017cu na wysokiej \u015bcianie, wybierz nasz wspornik \u015bcienny 90\u00b0.<br \/>\nIdealny do monta\u017cu na wysokiej \u015bcianie i \u0142atwej instalacji.<\/p>\n<p>Wspornik \u015bcienny 90\u00b0 mo\u017ce by\u0107 montowany z uchwytem na rolk\u0119 papieru typu UD.<\/p>\n<p>Dost\u0119pny w kolorze bia\u0142ym, srebrnym i czarnym.<\/p>\n","protected":false},"featured_media":145922,"comment_status":"closed","ping_status":"closed","template":"","meta":{"_monsterinsights_skip_tracking":false,"_monsterinsights_sitenote_active":false,"_monsterinsights_sitenote_note":"","_monsterinsights_sitenote_category":0},"product_brand":[],"product_cat":[442,453],"product_tag":[449],"class_list":{"0":"post-147081","1":"product","2":"type-product","3":"status-publish","4":"has-post-thumbnail","6":"product_cat-sprzedaz-detaliczna","7":"product_cat-uchwyt-rolki","8":"product_tag-sprzedaz-detaliczna","10":"first","11":"instock","12":"purchasable","13":"product-type-variable","14":"add-to-wishlist-before_image"},"_links":{"self":[{"href":"https:\/\/engstromindustry.com\/pl\/wp-json\/wp\/v2\/product\/147081","targetHints":{"allow":["GET"]}}],"collection":[{"href":"https:\/\/engstromindustry.com\/pl\/wp-json\/wp\/v2\/product"}],"about":[{"href":"https:\/\/engstromindustry.com\/pl\/wp-json\/wp\/v2\/types\/product"}],"replies":[{"embeddable":true,"href":"https:\/\/engstromindustry.com\/pl\/wp-json\/wp\/v2\/comments?post=147081"}],"wp:featuredmedia":[{"embeddable":true,"href":"https:\/\/engstromindustry.com\/pl\/wp-json\/wp\/v2\/media\/145922"}],"wp:attachment":[{"href":"https:\/\/engstromindustry.com\/pl\/wp-json\/wp\/v2\/media?parent=147081"}],"wp:term":[{"taxonomy":"product_brand","embeddable":true,"href":"https:\/\/engstromindustry.com\/pl\/wp-json\/wp\/v2\/product_brand?post=147081"},{"taxonomy":"product_cat","embeddable":true,"href":"https:\/\/engstromindustry.com\/pl\/wp-json\/wp\/v2\/product_cat?post=147081"},{"taxonomy":"product_tag","embeddable":true,"href":"https:\/\/engstromindustry.com\/pl\/wp-json\/wp\/v2\/product_tag?post=147081"}],"curies":[{"name":"wp","href":"https:\/\/api.w.org\/{rel}","templated":true}]}}