{"id":147048,"date":"2024-07-03T08:52:51","date_gmt":"2024-07-03T08:52:51","guid":{"rendered":"https:\/\/engstromindustry.com\/product\/uchwyt-na-tasme-staly-sciana\/"},"modified":"2024-07-03T08:52:51","modified_gmt":"2024-07-03T08:52:51","slug":"uchwyt-na-tasme-staly-sciana","status":"publish","type":"product","link":"https:\/\/engstromindustry.com\/pl\/produkt\/uchwyt-na-tasme-staly-sciana\/","title":{"rendered":"Uchwyt na ta\u015bm\u0119, sta\u0142y \u015aciana"},"content":{"rendered":"","protected":false},"excerpt":{"rendered":"<p>Zmaksymalizuj swoj\u0105 przestrze\u0144 robocz\u0105 dzi\u0119ki naszemu \u015bciennemu uchwytowi na ta\u015bm\u0119.<br \/>\nZaprojektowany do \u0142atwego monta\u017cu na \u015bcianie, uchwyt ten utrzymuje ta\u015bm\u0119 w zasi\u0119gu r\u0119ki i zwalnia przestrze\u0144 robocz\u0105.<\/p>\n<p>Ten uchwyt na ta\u015bm\u0119 jest zar\u00f3wno funkcjonalny, jak i przemys\u0142owo stylowy, umo\u017cliwiaj\u0105c wydajn\u0105 i uporz\u0105dkowan\u0105 organizacj\u0119 miejsca pracy!<\/p>\n","protected":false},"featured_media":145709,"comment_status":"closed","ping_status":"closed","template":"","meta":{"_monsterinsights_skip_tracking":false,"_monsterinsights_sitenote_active":false,"_monsterinsights_sitenote_note":"","_monsterinsights_sitenote_category":0},"product_brand":[],"product_cat":[465,442],"product_tag":[449],"class_list":{"0":"post-147048","1":"product","2":"type-product","3":"status-publish","4":"has-post-thumbnail","6":"product_cat-bandstand-pl","7":"product_cat-sprzedaz-detaliczna","8":"product_tag-sprzedaz-detaliczna","10":"first","11":"instock","12":"purchasable","13":"product-type-simple","14":"add-to-wishlist-before_image"},"_links":{"self":[{"href":"https:\/\/engstromindustry.com\/pl\/wp-json\/wp\/v2\/product\/147048","targetHints":{"allow":["GET"]}}],"collection":[{"href":"https:\/\/engstromindustry.com\/pl\/wp-json\/wp\/v2\/product"}],"about":[{"href":"https:\/\/engstromindustry.com\/pl\/wp-json\/wp\/v2\/types\/product"}],"replies":[{"embeddable":true,"href":"https:\/\/engstromindustry.com\/pl\/wp-json\/wp\/v2\/comments?post=147048"}],"wp:featuredmedia":[{"embeddable":true,"href":"https:\/\/engstromindustry.com\/pl\/wp-json\/wp\/v2\/media\/145709"}],"wp:attachment":[{"href":"https:\/\/engstromindustry.com\/pl\/wp-json\/wp\/v2\/media?parent=147048"}],"wp:term":[{"taxonomy":"product_brand","embeddable":true,"href":"https:\/\/engstromindustry.com\/pl\/wp-json\/wp\/v2\/product_brand?post=147048"},{"taxonomy":"product_cat","embeddable":true,"href":"https:\/\/engstromindustry.com\/pl\/wp-json\/wp\/v2\/product_cat?post=147048"},{"taxonomy":"product_tag","embeddable":true,"href":"https:\/\/engstromindustry.com\/pl\/wp-json\/wp\/v2\/product_tag?post=147048"}],"curies":[{"name":"wp","href":"https:\/\/api.w.org\/{rel}","templated":true}]}}