{"id":147029,"date":"2024-07-03T08:52:51","date_gmt":"2024-07-03T08:52:51","guid":{"rendered":"https:\/\/engstromindustry.com\/product\/stojak-na-pasek-staly\/"},"modified":"2025-10-22T06:54:33","modified_gmt":"2025-10-22T06:54:33","slug":"stojak-na-pasek-staly","status":"publish","type":"product","link":"https:\/\/engstromindustry.com\/pl\/produkt\/stojak-na-pasek-staly\/","title":{"rendered":"Stojak na pasek, sta\u0142y"},"content":{"rendered":"","protected":false},"excerpt":{"rendered":"<p>Uchwyt na wst\u0105\u017cki FM Fast Montage to proste i praktyczne rozwi\u0105zanie do organizowania wst\u0105\u017cek i ta\u015bm prezentowych.<br \/>\nZ miejscem na rolk\u0119 wst\u0105\u017cki prezentowej i odrywacz, ten uchwyt oferuje du\u017c\u0105 elastyczno\u015b\u0107.<\/p>\n<p>Mo\u017ce by\u0107 montowany na r\u00f3\u017cne sposoby &#8211; na \u015bcianie, na ladzie lub pod lad\u0105 &#8211; dzi\u0119ki czemu jest wszechstronny w ka\u017cdym \u015brodowisku pracy.<\/p>\n<p>Standardowym kolorem jest bia\u0142y, kt\u00f3ry pasuje do wi\u0119kszo\u015bci wn\u0119trz.<\/p>\n<p>&nbsp;<\/p>\n","protected":false},"featured_media":145705,"comment_status":"closed","ping_status":"closed","template":"","meta":{"_monsterinsights_skip_tracking":false,"_monsterinsights_sitenote_active":false,"_monsterinsights_sitenote_note":"","_monsterinsights_sitenote_category":0},"product_brand":[],"product_cat":[465,442],"product_tag":[449],"class_list":{"0":"post-147029","1":"product","2":"type-product","3":"status-publish","4":"has-post-thumbnail","6":"product_cat-bandstand-pl","7":"product_cat-sprzedaz-detaliczna","8":"product_tag-sprzedaz-detaliczna","10":"first","11":"instock","12":"purchasable","13":"product-type-simple","14":"add-to-wishlist-before_image"},"_links":{"self":[{"href":"https:\/\/engstromindustry.com\/pl\/wp-json\/wp\/v2\/product\/147029","targetHints":{"allow":["GET"]}}],"collection":[{"href":"https:\/\/engstromindustry.com\/pl\/wp-json\/wp\/v2\/product"}],"about":[{"href":"https:\/\/engstromindustry.com\/pl\/wp-json\/wp\/v2\/types\/product"}],"replies":[{"embeddable":true,"href":"https:\/\/engstromindustry.com\/pl\/wp-json\/wp\/v2\/comments?post=147029"}],"wp:featuredmedia":[{"embeddable":true,"href":"https:\/\/engstromindustry.com\/pl\/wp-json\/wp\/v2\/media\/145705"}],"wp:attachment":[{"href":"https:\/\/engstromindustry.com\/pl\/wp-json\/wp\/v2\/media?parent=147029"}],"wp:term":[{"taxonomy":"product_brand","embeddable":true,"href":"https:\/\/engstromindustry.com\/pl\/wp-json\/wp\/v2\/product_brand?post=147029"},{"taxonomy":"product_cat","embeddable":true,"href":"https:\/\/engstromindustry.com\/pl\/wp-json\/wp\/v2\/product_cat?post=147029"},{"taxonomy":"product_tag","embeddable":true,"href":"https:\/\/engstromindustry.com\/pl\/wp-json\/wp\/v2\/product_tag?post=147029"}],"curies":[{"name":"wp","href":"https:\/\/api.w.org\/{rel}","templated":true}]}}