{"id":147007,"date":"2024-07-03T08:52:51","date_gmt":"2024-07-03T08:52:51","guid":{"rendered":"https:\/\/engstromindustry.com\/product\/stojak-na-tasme-combi-2-scienny\/"},"modified":"2025-10-22T06:54:29","modified_gmt":"2025-10-22T06:54:29","slug":"stojak-na-tasme-combi-2-scienny","status":"publish","type":"product","link":"https:\/\/engstromindustry.com\/pl\/produkt\/stojak-na-tasme-combi-2-scienny\/","title":{"rendered":"Stojak na ta\u015bm\u0119 Combi 2 \u015bcienny"},"content":{"rendered":"","protected":false},"excerpt":{"rendered":"<p>Zmaksymalizuj wydajno\u015b\u0107 swojej przestrzeni roboczej dzi\u0119ki stojakowi na ta\u015bmy Combi 2, wszechstronnemu rozwi\u0105zaniu do monta\u017cu na \u015bcianie, kt\u00f3re zapewnia uporz\u0105dkowanie i \u0142atwy dost\u0119p do wst\u0105\u017cek i ta\u015bm prezentowych.<\/p>\n<p>Combi 2 Wall mo\u017ce pomie\u015bci\u0107 dwie rolki ta\u015bmy prezentowej i uchwyt na ta\u015bm\u0119 z funkcj\u0105 odrywania. Idealny do wi\u0119kszych potrzeb, pomaga utrzyma\u0107 porz\u0105dek i organizacj\u0119 w miejscu pracy, jednocze\u015bnie oszcz\u0119dzaj\u0105c cenne miejsce na stole. <\/p>\n<p>Wyposa\u017cony w spr\u0119\u017cyny hamulcowe na rolkach ta\u015bmy zapewniaj\u0105ce p\u0142ynn\u0105 obs\u0142ug\u0119 i trwa\u0142o\u015b\u0107.<br \/>\nPonadto lu\u017ane cz\u0119\u015bci s\u0105 dost\u0119pne jako cz\u0119\u015bci zamienne do d\u0142ugotrwa\u0142ego u\u017cytkowania.<\/p>\n<p>Dost\u0119pny w kolorze bia\u0142ym, srebrnym i czarnym, dzi\u0119ki czemu \u0142atwo dopasowa\u0107 go do istniej\u0105cego wystroju.<\/p>\n","protected":false},"featured_media":145707,"comment_status":"closed","ping_status":"closed","template":"","meta":{"_monsterinsights_skip_tracking":false,"_monsterinsights_sitenote_active":false,"_monsterinsights_sitenote_note":"","_monsterinsights_sitenote_category":0},"product_brand":[],"product_cat":[465,442],"product_tag":[449],"class_list":{"0":"post-147007","1":"product","2":"type-product","3":"status-publish","4":"has-post-thumbnail","6":"product_cat-bandstand-pl","7":"product_cat-sprzedaz-detaliczna","8":"product_tag-sprzedaz-detaliczna","10":"first","11":"instock","12":"purchasable","13":"product-type-variable","14":"add-to-wishlist-before_image"},"_links":{"self":[{"href":"https:\/\/engstromindustry.com\/pl\/wp-json\/wp\/v2\/product\/147007","targetHints":{"allow":["GET"]}}],"collection":[{"href":"https:\/\/engstromindustry.com\/pl\/wp-json\/wp\/v2\/product"}],"about":[{"href":"https:\/\/engstromindustry.com\/pl\/wp-json\/wp\/v2\/types\/product"}],"replies":[{"embeddable":true,"href":"https:\/\/engstromindustry.com\/pl\/wp-json\/wp\/v2\/comments?post=147007"}],"wp:featuredmedia":[{"embeddable":true,"href":"https:\/\/engstromindustry.com\/pl\/wp-json\/wp\/v2\/media\/145707"}],"wp:attachment":[{"href":"https:\/\/engstromindustry.com\/pl\/wp-json\/wp\/v2\/media?parent=147007"}],"wp:term":[{"taxonomy":"product_brand","embeddable":true,"href":"https:\/\/engstromindustry.com\/pl\/wp-json\/wp\/v2\/product_brand?post=147007"},{"taxonomy":"product_cat","embeddable":true,"href":"https:\/\/engstromindustry.com\/pl\/wp-json\/wp\/v2\/product_cat?post=147007"},{"taxonomy":"product_tag","embeddable":true,"href":"https:\/\/engstromindustry.com\/pl\/wp-json\/wp\/v2\/product_tag?post=147007"}],"curies":[{"name":"wp","href":"https:\/\/api.w.org\/{rel}","templated":true}]}}