{"id":146994,"date":"2024-07-03T10:30:50","date_gmt":"2024-07-03T10:30:50","guid":{"rendered":"https:\/\/engstromindustry.com\/product\/pudelko-z-tasma\/"},"modified":"2024-07-03T10:30:50","modified_gmt":"2024-07-03T10:30:50","slug":"pudelko-z-tasma","status":"publish","type":"product","link":"https:\/\/engstromindustry.com\/pl\/produkt\/pudelko-z-tasma\/","title":{"rendered":"Pude\u0142ko z ta\u015bm\u0105"},"content":{"rendered":"","protected":false},"excerpt":{"rendered":"<p>Zmaksymalizuj porz\u0105dek i wydajno\u015b\u0107 swojego miejsca pracy dzi\u0119ki naszemu pude\u0142ku na ta\u015bm\u0119. Zaprojektowane do przechowywania wi\u0119kszych rolek ta\u015bmy z wyjmowanymi przegrodami, to pude\u0142ko oferuje por\u0119czny uchwyt na ta\u015bm\u0119 i dedykowane miejsca na no\u017cyczki i o\u0142\u00f3wek. <\/p>\n<p>Innowacyjna przednia o\u015b obci\u0105\u017cnika zapewnia p\u0142ynne i kontrolowane ci\u0105gni\u0119cie pas\u00f3w, a gumowany sp\u00f3d zapobiega przesuwaniu si\u0119 skrzyni.<\/p>\n<p>Wybierz spo\u015br\u00f3d stylowych kolor\u00f3w, takich jak czarny i srebrny, aby uzupe\u0142ni\u0107 sw\u00f3j sklep lub \u015brodowisko pracy.<\/p>\n","protected":false},"featured_media":145733,"comment_status":"closed","ping_status":"closed","template":"","meta":{"_monsterinsights_skip_tracking":false,"_monsterinsights_sitenote_active":false,"_monsterinsights_sitenote_note":"","_monsterinsights_sitenote_category":0},"product_brand":[],"product_cat":[465,442],"product_tag":[449],"class_list":{"0":"post-146994","1":"product","2":"type-product","3":"status-publish","4":"has-post-thumbnail","6":"product_cat-bandstand-pl","7":"product_cat-sprzedaz-detaliczna","8":"product_tag-sprzedaz-detaliczna","10":"first","11":"instock","12":"purchasable","13":"product-type-variable","14":"add-to-wishlist-before_image"},"_links":{"self":[{"href":"https:\/\/engstromindustry.com\/pl\/wp-json\/wp\/v2\/product\/146994","targetHints":{"allow":["GET"]}}],"collection":[{"href":"https:\/\/engstromindustry.com\/pl\/wp-json\/wp\/v2\/product"}],"about":[{"href":"https:\/\/engstromindustry.com\/pl\/wp-json\/wp\/v2\/types\/product"}],"replies":[{"embeddable":true,"href":"https:\/\/engstromindustry.com\/pl\/wp-json\/wp\/v2\/comments?post=146994"}],"wp:featuredmedia":[{"embeddable":true,"href":"https:\/\/engstromindustry.com\/pl\/wp-json\/wp\/v2\/media\/145733"}],"wp:attachment":[{"href":"https:\/\/engstromindustry.com\/pl\/wp-json\/wp\/v2\/media?parent=146994"}],"wp:term":[{"taxonomy":"product_brand","embeddable":true,"href":"https:\/\/engstromindustry.com\/pl\/wp-json\/wp\/v2\/product_brand?post=146994"},{"taxonomy":"product_cat","embeddable":true,"href":"https:\/\/engstromindustry.com\/pl\/wp-json\/wp\/v2\/product_cat?post=146994"},{"taxonomy":"product_tag","embeddable":true,"href":"https:\/\/engstromindustry.com\/pl\/wp-json\/wp\/v2\/product_tag?post=146994"}],"curies":[{"name":"wp","href":"https:\/\/api.w.org\/{rel}","templated":true}]}}