{"id":146985,"date":"2024-07-03T10:47:38","date_gmt":"2024-07-03T10:47:38","guid":{"rendered":"https:\/\/engstromindustry.com\/product\/przenosna-konsola\/"},"modified":"2024-07-03T10:47:38","modified_gmt":"2024-07-03T10:47:38","slug":"przenosna-konsola","status":"publish","type":"product","link":"https:\/\/engstromindustry.com\/pl\/produkt\/przenosna-konsola\/","title":{"rendered":"Przeno\u015bna konsola"},"content":{"rendered":"","protected":false},"excerpt":{"rendered":"<p>Konsola przeno\u015bna to szybkie rozwi\u0105zanie do monta\u017cu na stole.<br \/>\nUmie\u015b\u0107 j\u0105 bezpo\u015brednio na blacie i gotowe!<\/p>\n<p>Konsola przeno\u015bna jest montowana z uchwytem na rolk\u0119 papieru typu UD.<\/p>\n<p>Jest dost\u0119pna w kolorze bia\u0142ym, czarnym lub srebrnym, aby dopasowa\u0107 si\u0119 do Twojego stylu.<\/p>\n","protected":false},"featured_media":145903,"comment_status":"closed","ping_status":"closed","template":"","meta":{"_monsterinsights_skip_tracking":false,"_monsterinsights_sitenote_active":false,"_monsterinsights_sitenote_note":"","_monsterinsights_sitenote_category":0},"product_brand":[],"product_cat":[442,453],"product_tag":[449],"class_list":{"0":"post-146985","1":"product","2":"type-product","3":"status-publish","4":"has-post-thumbnail","6":"product_cat-sprzedaz-detaliczna","7":"product_cat-uchwyt-rolki","8":"product_tag-sprzedaz-detaliczna","10":"first","11":"instock","12":"purchasable","13":"product-type-variable","14":"add-to-wishlist-before_image"},"_links":{"self":[{"href":"https:\/\/engstromindustry.com\/pl\/wp-json\/wp\/v2\/product\/146985","targetHints":{"allow":["GET"]}}],"collection":[{"href":"https:\/\/engstromindustry.com\/pl\/wp-json\/wp\/v2\/product"}],"about":[{"href":"https:\/\/engstromindustry.com\/pl\/wp-json\/wp\/v2\/types\/product"}],"replies":[{"embeddable":true,"href":"https:\/\/engstromindustry.com\/pl\/wp-json\/wp\/v2\/comments?post=146985"}],"wp:featuredmedia":[{"embeddable":true,"href":"https:\/\/engstromindustry.com\/pl\/wp-json\/wp\/v2\/media\/145903"}],"wp:attachment":[{"href":"https:\/\/engstromindustry.com\/pl\/wp-json\/wp\/v2\/media?parent=146985"}],"wp:term":[{"taxonomy":"product_brand","embeddable":true,"href":"https:\/\/engstromindustry.com\/pl\/wp-json\/wp\/v2\/product_brand?post=146985"},{"taxonomy":"product_cat","embeddable":true,"href":"https:\/\/engstromindustry.com\/pl\/wp-json\/wp\/v2\/product_cat?post=146985"},{"taxonomy":"product_tag","embeddable":true,"href":"https:\/\/engstromindustry.com\/pl\/wp-json\/wp\/v2\/product_tag?post=146985"}],"curies":[{"name":"wp","href":"https:\/\/api.w.org\/{rel}","templated":true}]}}