{"id":146960,"date":"2024-07-03T11:56:54","date_gmt":"2024-07-03T11:56:54","guid":{"rendered":"https:\/\/engstromindustry.com\/product\/konsola-lv-combi\/"},"modified":"2024-07-03T11:56:54","modified_gmt":"2024-07-03T11:56:54","slug":"konsola-lv-combi","status":"publish","type":"product","link":"https:\/\/engstromindustry.com\/pl\/produkt\/konsola-lv-combi\/","title":{"rendered":"Konsola LV Combi"},"content":{"rendered":"","protected":false},"excerpt":{"rendered":"<p>Uchwyt LV Combi u\u0142atwia monta\u017c uchwytu na rolk\u0119 zar\u00f3wno w pionie, jak i w poziomie.<br \/>\nMo\u017cna go zamontowa\u0107 pod lad\u0105, pionowo z boku lady, na \u015bcianie lub pionowo na \u015bcianie, w zale\u017cno\u015bci od tego, co najlepiej pasuje do miejsca pracy.<\/p>\n<p>Do\u0142\u0105czony do dostawy modelu uchwytu na rolk\u0119 LV i mo\u017cna go r\u00f3wnie\u017c kupi\u0107 osobno.<\/p>\n","protected":false},"featured_media":145916,"comment_status":"closed","ping_status":"closed","template":"","meta":{"_monsterinsights_skip_tracking":false,"_monsterinsights_sitenote_active":false,"_monsterinsights_sitenote_note":"","_monsterinsights_sitenote_category":0},"product_brand":[],"product_cat":[442,453],"product_tag":[449],"class_list":{"0":"post-146960","1":"product","2":"type-product","3":"status-publish","4":"has-post-thumbnail","6":"product_cat-sprzedaz-detaliczna","7":"product_cat-uchwyt-rolki","8":"product_tag-sprzedaz-detaliczna","10":"first","11":"instock","12":"purchasable","13":"product-type-simple","14":"add-to-wishlist-before_image"},"_links":{"self":[{"href":"https:\/\/engstromindustry.com\/pl\/wp-json\/wp\/v2\/product\/146960","targetHints":{"allow":["GET"]}}],"collection":[{"href":"https:\/\/engstromindustry.com\/pl\/wp-json\/wp\/v2\/product"}],"about":[{"href":"https:\/\/engstromindustry.com\/pl\/wp-json\/wp\/v2\/types\/product"}],"replies":[{"embeddable":true,"href":"https:\/\/engstromindustry.com\/pl\/wp-json\/wp\/v2\/comments?post=146960"}],"wp:featuredmedia":[{"embeddable":true,"href":"https:\/\/engstromindustry.com\/pl\/wp-json\/wp\/v2\/media\/145916"}],"wp:attachment":[{"href":"https:\/\/engstromindustry.com\/pl\/wp-json\/wp\/v2\/media?parent=146960"}],"wp:term":[{"taxonomy":"product_brand","embeddable":true,"href":"https:\/\/engstromindustry.com\/pl\/wp-json\/wp\/v2\/product_brand?post=146960"},{"taxonomy":"product_cat","embeddable":true,"href":"https:\/\/engstromindustry.com\/pl\/wp-json\/wp\/v2\/product_cat?post=146960"},{"taxonomy":"product_tag","embeddable":true,"href":"https:\/\/engstromindustry.com\/pl\/wp-json\/wp\/v2\/product_tag?post=146960"}],"curies":[{"name":"wp","href":"https:\/\/api.w.org\/{rel}","templated":true}]}}