{"id":146942,"date":"2024-07-03T12:31:18","date_gmt":"2024-07-03T12:31:18","guid":{"rendered":"https:\/\/engstromindustry.com\/product\/sklep-z-szynami-tnacymi\/"},"modified":"2025-10-22T06:06:21","modified_gmt":"2025-10-22T06:06:21","slug":"sklep-z-szynami-tnacymi","status":"publish","type":"product","link":"https:\/\/engstromindustry.com\/pl\/produkt\/sklep-z-szynami-tnacymi\/","title":{"rendered":"Sklep z szynami tn\u0105cymi"},"content":{"rendered":"","protected":false},"excerpt":{"rendered":"<p>Nasza listwa tn\u0105ca Store Cutting Bar jest idealna dla sklep\u00f3w z du\u017c\u0105 ilo\u015bci\u0105 paczek, kt\u00f3re wymagaj\u0105 sprawnego procesu pakowania. Dzi\u0119ki szeroko\u015bci ci\u0119cia od 40 cm do 150 cm mo\u017cna z \u0142atwo\u015bci\u0105 wyci\u0105\u0107 dok\u0142adnie tak\u0105 ilo\u015b\u0107 opakowania, jaka jest potrzebna, minimalizuj\u0105c ilo\u015b\u0107 odpad\u00f3w i maksymalizuj\u0105c wykorzystanie materia\u0142u.<\/p>\n<p>Ta szyna tn\u0105ca sprawdza si\u0119 zar\u00f3wno w \u015brodowisku warsztatowym, jak i przemys\u0142owym. Mo\u017cna j\u0105 zamontowa\u0107 na istniej\u0105cym stole lub zintegrowa\u0107 ze sto\u0142em w celu zaoszcz\u0119dzenia miejsca. Rolki papieru montuje si\u0119 wewn\u0105trz lady za pomoc\u0105 wa\u0142ka (nie wchodzi w sk\u0142ad zestawu).<\/p>\n<p>Dost\u0119pny w kolorach srebrnym, bia\u0142ym i czarnym, idealnie wpasuje si\u0119 w Twoje \u015brodowisko pracy.<\/p>\n","protected":false},"featured_media":145828,"comment_status":"closed","ping_status":"closed","template":"","meta":{"_monsterinsights_skip_tracking":false,"_monsterinsights_sitenote_active":false,"_monsterinsights_sitenote_note":"","_monsterinsights_sitenote_category":0},"product_brand":[],"product_cat":[459,445,442],"product_tag":[449],"class_list":{"0":"post-146942","1":"product","2":"type-product","3":"status-publish","4":"has-post-thumbnail","6":"product_cat-przecinaki","7":"product_cat-przemysl","8":"product_cat-sprzedaz-detaliczna","9":"product_tag-sprzedaz-detaliczna","11":"first","12":"instock","13":"purchasable","14":"product-type-variable","15":"add-to-wishlist-before_image"},"_links":{"self":[{"href":"https:\/\/engstromindustry.com\/pl\/wp-json\/wp\/v2\/product\/146942","targetHints":{"allow":["GET"]}}],"collection":[{"href":"https:\/\/engstromindustry.com\/pl\/wp-json\/wp\/v2\/product"}],"about":[{"href":"https:\/\/engstromindustry.com\/pl\/wp-json\/wp\/v2\/types\/product"}],"replies":[{"embeddable":true,"href":"https:\/\/engstromindustry.com\/pl\/wp-json\/wp\/v2\/comments?post=146942"}],"wp:featuredmedia":[{"embeddable":true,"href":"https:\/\/engstromindustry.com\/pl\/wp-json\/wp\/v2\/media\/145828"}],"wp:attachment":[{"href":"https:\/\/engstromindustry.com\/pl\/wp-json\/wp\/v2\/media?parent=146942"}],"wp:term":[{"taxonomy":"product_brand","embeddable":true,"href":"https:\/\/engstromindustry.com\/pl\/wp-json\/wp\/v2\/product_brand?post=146942"},{"taxonomy":"product_cat","embeddable":true,"href":"https:\/\/engstromindustry.com\/pl\/wp-json\/wp\/v2\/product_cat?post=146942"},{"taxonomy":"product_tag","embeddable":true,"href":"https:\/\/engstromindustry.com\/pl\/wp-json\/wp\/v2\/product_tag?post=146942"}],"curies":[{"name":"wp","href":"https:\/\/api.w.org\/{rel}","templated":true}]}}