{"id":145413,"date":"2018-08-27T12:18:48","date_gmt":"2018-08-27T12:18:48","guid":{"rendered":"https:\/\/engstromindustry.com\/kontakt\/"},"modified":"2025-09-18T08:23:12","modified_gmt":"2025-09-18T08:23:12","slug":"kontakt","status":"publish","type":"page","link":"https:\/\/engstromindustry.com\/pl\/kontakt\/","title":{"rendered":"Kontakt"},"content":{"rendered":"<div class=\"wpb-content-wrapper\"><p>[vc_row row_height_percent=&#8221;50&#8243; override_padding=&#8221;yes&#8221; h_padding=&#8221;2&#8243; top_padding=&#8221;5&#8243; bottom_padding=&#8221;5&#8243; back_color=&#8221;accent&#8221; overlay_alpha=&#8221;80&#8243; equal_height=&#8221;yes&#8221; gutter_size=&#8221;4&#8243; column_width_percent=&#8221;100&#8243; shift_y=&#8221;0&#8243; z_index=&#8221;0&#8243; uncode_shortcode_id=&#8221;118324&#8243; back_color_type=&#8221;uncode-palette&#8221;][vc_column column_width_percent=&#8221;100&#8243; position_vertical=&#8221;middle&#8221; align_horizontal=&#8221;align_center&#8221; gutter_size=&#8221;3&#8243; style=&#8221;dark&#8221; overlay_alpha=&#8221;50&#8243; shift_x=&#8221;0&#8243; shift_y=&#8221;0&#8243; shift_y_down=&#8221;0&#8243; z_index=&#8221;0&#8243; medium_width=&#8221;0&#8243; mobile_width=&#8221;0&#8243; width=&#8221;1\/1&#8243;][vc_custom_heading heading_semantic=&#8221;h6&#8243; text_size=&#8221;custom&#8221; text_weight=&#8221;700&#8243; text_transform=&#8221;uppercase&#8221; text_height=&#8221;fontheight-357766&#8243; text_space=&#8221;fontspace-135905&#8243; uncode_shortcode_id=&#8221;147194&#8243; heading_custom_size=&#8221;14px&#8221;]Masz pytanie?[\/vc_custom_heading][vc_custom_heading heading_semantic=&#8221;h3&#8243; text_size=&#8221;fontsize-155944&#8243; uncode_shortcode_id=&#8221;132218&#8243;]Skontaktuj si\u0119 z nami, pomo\u017cemy Ci![\/vc_custom_heading][\/vc_column][\/vc_row][vc_row row_height_percent=&#8221;0&#8243; override_padding=&#8221;yes&#8221; h_padding=&#8221;2&#8243; top_padding=&#8221;5&#8243; bottom_padding=&#8221;2&#8243; overlay_alpha=&#8221;50&#8243; gutter_size=&#8221;3&#8243; column_width_percent=&#8221;100&#8243; shift_y=&#8221;0&#8243; z_index=&#8221;0&#8243; uncode_shortcode_id=&#8221;123748&#8243;][vc_column column_width_percent=&#8221;100&#8243; align_horizontal=&#8221;align_center&#8221; gutter_size=&#8221;3&#8243; overlay_alpha=&#8221;50&#8243; shift_x=&#8221;0&#8243; shift_y=&#8221;0&#8243; shift_y_down=&#8221;0&#8243; z_index=&#8221;0&#8243; medium_width=&#8221;0&#8243; mobile_width=&#8221;0&#8243; width=&#8221;1\/1&#8243;][vc_row_inner][vc_column_inner column_width_percent=&#8221;100&#8243; align_horizontal=&#8221;align_center&#8221; gutter_size=&#8221;3&#8243; overlay_alpha=&#8221;50&#8243; shift_x=&#8221;0&#8243; shift_y=&#8221;0&#8243; shift_y_down=&#8221;0&#8243; z_index=&#8221;0&#8243; medium_width=&#8221;0&#8243; mobile_width=&#8221;0&#8243; width=&#8221;1\/4&#8243;][vc_icon icon=&#8221;fa fa-user3&#8243; size=&#8221;fa-3x&#8221; text_size=&#8221;h6&#8243; uncode_shortcode_id=&#8221;181497&#8243;]<strong>Lars-Erik Engstr\u00f6m<\/strong><em> CEO<\/em><br \/>\n+46 (0) 220-14800<br \/>\n<a href=\"mailto:info@engstromindustry.com\">info@engstromindustry.com<\/a>[\/vc_icon][\/vc_column_inner][vc_column_inner column_width_percent=&#8221;100&#8243; align_horizontal=&#8221;align_center&#8221; gutter_size=&#8221;3&#8243; overlay_alpha=&#8221;50&#8243; shift_x=&#8221;0&#8243; shift_y=&#8221;0&#8243; shift_y_down=&#8221;0&#8243; z_index=&#8221;0&#8243; medium_width=&#8221;0&#8243; mobile_width=&#8221;0&#8243; width=&#8221;1\/4&#8243;][vc_icon icon=&#8221;fa fa-user3&#8243; size=&#8221;fa-3x&#8221; text_size=&#8221;h6&#8243; uncode_shortcode_id=&#8221;423657&#8243;]<strong>Anna Jonsson <\/strong><em>Zam\u00f3wienia i finanse<\/em><br \/>\n+46 (0) 220-14800<br \/>\n<a href=\"mailto:order@engstromindustry.com\">order@engstromindustry.com<\/a><br \/>\n<a href=\"mailto:finance@engstromindustry.com\">finance@engstromindustry.com<\/a>[\/vc_icon][\/vc_column_inner][vc_column_inner column_width_percent=&#8221;100&#8243; align_horizontal=&#8221;align_center&#8221; gutter_size=&#8221;3&#8243; overlay_alpha=&#8221;50&#8243; shift_x=&#8221;0&#8243; shift_y=&#8221;0&#8243; shift_y_down=&#8221;0&#8243; z_index=&#8221;0&#8243; medium_width=&#8221;0&#8243; mobile_width=&#8221;0&#8243; width=&#8221;1\/4&#8243;][vc_icon icon=&#8221;fa fa-phone&#8221; size=&#8221;fa-3x&#8221; text_size=&#8221;h6&#8243; title=&#8221;+46 (0)220 148 00&#8243; uncode_shortcode_id=&#8221;112331&#8243;]<strong>Adres odwiedzin<\/strong><br \/>\nVidev\u00e4gen 3<br \/>\nS-734 38 Hallstahammar<br \/>\nSzwecja[\/vc_icon][\/vc_column_inner][vc_column_inner column_width_percent=&#8221;100&#8243; align_horizontal=&#8221;align_center&#8221; gutter_size=&#8221;3&#8243; overlay_alpha=&#8221;50&#8243; shift_x=&#8221;0&#8243; shift_y=&#8221;0&#8243; shift_y_down=&#8221;0&#8243; z_index=&#8221;0&#8243; medium_width=&#8221;0&#8243; mobile_width=&#8221;0&#8243; width=&#8221;1\/4&#8243; uncode_shortcode_id=&#8221;945179&#8243;][vc_icon icon=&#8221;fa fa-envelope3&#8243; size=&#8221;fa-3x&#8221; text_size=&#8221;h6&#8243; uncode_shortcode_id=&#8221;853769&#8243;]<strong>Adres pocztowy<\/strong><br \/>\nBox 128<br \/>\nS-734 23 Hallstahammar<br \/>\nSzwecja[\/vc_icon][\/vc_column_inner][\/vc_row_inner][\/vc_column][\/vc_row][vc_row row_height_percent=&#8221;0&#8243; override_padding=&#8221;yes&#8221; h_padding=&#8221;2&#8243; top_padding=&#8221;5&#8243; bottom_padding=&#8221;3&#8243; overlay_alpha=&#8221;50&#8243; equal_height=&#8221;yes&#8221; gutter_size=&#8221;4&#8243; column_width_percent=&#8221;100&#8243; shift_y=&#8221;0&#8243; z_index=&#8221;0&#8243; uncode_shortcode_id=&#8221;678826&#8243;][vc_column column_width_use_pixel=&#8221;yes&#8221; position_vertical=&#8221;middle&#8221; align_horizontal=&#8221;align_center&#8221; gutter_size=&#8221;3&#8243; overlay_alpha=&#8221;50&#8243; shift_x=&#8221;0&#8243; shift_y=&#8221;0&#8243; shift_y_down=&#8221;0&#8243; z_index=&#8221;0&#8243; medium_width=&#8221;0&#8243; mobile_width=&#8221;0&#8243; width=&#8221;1\/1&#8243; column_width_pixel=&#8221;900&#8243;][vc_custom_heading heading_semantic=&#8221;h3&#8243; text_size=&#8221;fontsize-155944&#8243; uncode_shortcode_id=&#8221;277213&#8243;]Firma rodzinna od 1941 roku[\/vc_custom_heading][vc_single_image media=&#8221;142883&#8243; media_width_percent=&#8221;100&#8243; media_ratio=&#8221;twentyone-nine&#8221; alignment=&#8221;center&#8221; uncode_shortcode_id=&#8221;591563&#8243;][vc_column_text text_lead=&#8221;yes&#8221; uncode_shortcode_id=&#8221;129807&#8243;]Firma H.Engstr\u00f6m Industri AB zosta\u0142a za\u0142o\u017cona w 1941 roku. W 2021 roku obchodzili\u015bmy osiemdziesi\u0119ciolecie do\u015bwiadczenia w produkcji urz\u0105dze\u0144 do ci\u0119cia i rozrywania dla handlu detalicznego i przemys\u0142u. W naszej firmie jako\u015b\u0107 i tradycja id\u0105 w parze z ci\u0105g\u0142ymi innowacjami i rozwojem. Dzi\u015b jeste\u015bmy wiod\u0105cym szwedzkim producentem, oferuj\u0105cym pe\u0142n\u0105 gam\u0119 urz\u0105dze\u0144 do ci\u0119cia i rozrywania materia\u0142\u00f3w opakowaniowych zar\u00f3wno w handlu detalicznym, jak i przemy\u015ble. Oferujemy r\u00f3wnie\u017c stojaki i uchwyty na wst\u0105\u017cki, sznurki i ta\u015bmy. Nasza rodzina produkt\u00f3w spe\u0142nia wszystkie potrzeby zwi\u0105zane z pakowaniem prezent\u00f3w w dzisiejszych nowoczesnych sklepach, zar\u00f3wno du\u017cych, jak i ma\u0142ych.[\/vc_column_text][\/vc_column][\/vc_row][vc_row][vc_column width=&#8221;1\/1&#8243;][uncode_block id=&#8221;144295&#8243;][\/vc_column][\/vc_row]<\/p>\n<\/div>","protected":false},"excerpt":{"rendered":"<p>[vc_row row_height_percent=&#8221;50&#8243; override_padding=&#8221;yes&#8221; h_padding=&#8221;2&#8243; top_padding=&#8221;5&#8243; bottom_padding=&#8221;5&#8243; back_color=&#8221;accent&#8221; overlay_alpha=&#8221;80&#8243; equal_height=&#8221;yes&#8221; gutter_size=&#8221;4&#8243; column_width_percent=&#8221;100&#8243; shift_y=&#8221;0&#8243; z_index=&#8221;0&#8243; uncode_shortcode_id=&#8221;118324&#8243; back_color_type=&#8221;uncode-palette&#8221;][vc_column column_width_percent=&#8221;100&#8243; position_vertical=&#8221;middle&#8221; align_horizontal=&#8221;align_center&#8221; gutter_size=&#8221;3&#8243; style=&#8221;dark&#8221; [&hellip;]<\/p>\n","protected":false},"author":1,"featured_media":143961,"parent":0,"menu_order":0,"comment_status":"closed","ping_status":"closed","template":"","meta":{"_monsterinsights_skip_tracking":false,"_monsterinsights_sitenote_active":false,"_monsterinsights_sitenote_note":"","_monsterinsights_sitenote_category":0,"footnotes":""},"class_list":["post-145413","page","type-page","status-publish","has-post-thumbnail","hentry"],"_links":{"self":[{"href":"https:\/\/engstromindustry.com\/pl\/wp-json\/wp\/v2\/pages\/145413","targetHints":{"allow":["GET"]}}],"collection":[{"href":"https:\/\/engstromindustry.com\/pl\/wp-json\/wp\/v2\/pages"}],"about":[{"href":"https:\/\/engstromindustry.com\/pl\/wp-json\/wp\/v2\/types\/page"}],"author":[{"embeddable":true,"href":"https:\/\/engstromindustry.com\/pl\/wp-json\/wp\/v2\/users\/1"}],"replies":[{"embeddable":true,"href":"https:\/\/engstromindustry.com\/pl\/wp-json\/wp\/v2\/comments?post=145413"}],"version-history":[{"count":1,"href":"https:\/\/engstromindustry.com\/pl\/wp-json\/wp\/v2\/pages\/145413\/revisions"}],"predecessor-version":[{"id":145417,"href":"https:\/\/engstromindustry.com\/pl\/wp-json\/wp\/v2\/pages\/145413\/revisions\/145417"}],"wp:featuredmedia":[{"embeddable":true,"href":"https:\/\/engstromindustry.com\/pl\/wp-json\/wp\/v2\/media\/143961"}],"wp:attachment":[{"href":"https:\/\/engstromindustry.com\/pl\/wp-json\/wp\/v2\/media?parent=145413"}],"curies":[{"name":"wp","href":"https:\/\/api.w.org\/{rel}","templated":true}]}}