{"id":145306,"date":"2024-07-03T13:04:08","date_gmt":"2024-07-03T13:04:08","guid":{"rendered":"https:\/\/engstromindustry.com\/wypozyczalnia-pacmobil\/"},"modified":"2025-10-29T07:38:12","modified_gmt":"2025-10-29T07:38:12","slug":"wypozyczalnia-pacmobil","status":"publish","type":"page","link":"https:\/\/engstromindustry.com\/pl\/wypozyczalnia-pacmobil\/","title":{"rendered":"Wypo\u017cyczalnia PacMobil"},"content":{"rendered":"<div class=\"wpb-content-wrapper\"><p>[vc_row row_height_percent=&#8221;85&#8243; override_padding=&#8221;yes&#8221; h_padding=&#8221;2&#8243; top_padding=&#8221;4&#8243; bottom_padding=&#8221;2&#8243; back_color=&#8221;color-105898&#8243; back_image=&#8221;142454&#8243; back_position=&#8221;center center&#8221; overlay_color=&#8221;color-jevc&#8221; overlay_alpha=&#8221;10&#8243; equal_height=&#8221;yes&#8221; gutter_size=&#8221;3&#8243; column_width_percent=&#8221;100&#8243; shift_y=&#8221;0&#8243; z_index=&#8221;1&#8243; enable_top_divider=&#8221;default&#8221; top_divider=&#8221;gradient&#8221; shape_top_h_use_pixel=&#8221;&#8221; shape_top_height=&#8221;400&#8243; shape_top_color=&#8221;color-jevc&#8221; shape_top_opacity=&#8221;15&#8243; shape_top_index=&#8221;0&#8243; enable_bottom_divider=&#8221;default&#8221; bottom_divider_inv=&#8221;curve-opacity&#8221; shape_bottom_invert=&#8221;yes&#8221; shape_bottom_h_use_pixel=&#8221;&#8221; shape_bottom_height=&#8221;108&#8243; shape_bottom_color=&#8221;color-lxmt&#8221; shape_bottom_opacity=&#8221;100&#8243; shape_bottom_index=&#8221;0&#8243; row_name=&#8221;Welcome&#8221; uncode_shortcode_id=&#8221;171440&#8243; back_color_type=&#8221;uncode-palette&#8221; shape_bottom_color_type=&#8221;uncode-palette&#8221; shape_top_color_type=&#8221;uncode-palette&#8221; overlay_color_type=&#8221;uncode-palette&#8221;][vc_column column_width_percent=&#8221;100&#8243; align_horizontal=&#8221;align_center&#8221; gutter_size=&#8221;2&#8243; style=&#8221;dark&#8221; overlay_alpha=&#8221;50&#8243; shift_x=&#8221;0&#8243; shift_y=&#8221;0&#8243; shift_y_down=&#8221;0&#8243; z_index=&#8221;4&#8243; medium_width=&#8221;4&#8243; align_mobile=&#8221;align_center_mobile&#8221; mobile_width=&#8221;0&#8243; css_animation=&#8221;bottom-t-top&#8221; animation_speed=&#8221;1000&#8243; width=&#8221;1\/1&#8243; uncode_shortcode_id=&#8221;294915&#8243;][vc_row_inner row_inner_height_percent=&#8221;0&#8243; overlay_alpha=&#8221;50&#8243; gutter_size=&#8221;3&#8243; shift_y=&#8221;0&#8243; z_index=&#8221;0&#8243; limit_content=&#8221;&#8221; uncode_shortcode_id=&#8221;988618&#8243;][vc_column_inner column_width_use_pixel=&#8221;yes&#8221; position_horizontal=&#8221;left&#8221; position_vertical=&#8221;middle&#8221; gutter_size=&#8221;2&#8243; style=&#8221;dark&#8221; overlay_alpha=&#8221;50&#8243; shift_x=&#8221;0&#8243; shift_y=&#8221;0&#8243; shift_y_down=&#8221;0&#8243; z_index=&#8221;0&#8243; medium_width=&#8221;0&#8243; mobile_width=&#8221;0&#8243; width=&#8221;1\/1&#8243; uncode_shortcode_id=&#8221;208445&#8243; column_width_pixel=&#8221;900&#8243;][vc_custom_heading text_size=&#8221;custom&#8221; text_weight=&#8221;700&#8243; text_transform=&#8221;uppercase&#8221; text_height=&#8221;fontheight-357766&#8243; text_space=&#8221;fontspace-210350&#8243; sub_lead=&#8221;yes&#8221; mobile_visibility=&#8221;yes&#8221; uncode_shortcode_id=&#8221;525953&#8243; heading_custom_size=&#8221;14px&#8221;]WYNAJEM SPRZ\u0118TU[\/vc_custom_heading][vc_custom_heading heading_semantic=&#8221;h1&#8243; text_font=&#8221;font-362383&#8243; text_size=&#8221;fontsize-210105&#8243; text_space=&#8221;fontspace-781688&#8243; uncode_shortcode_id=&#8221;195873&#8243;]Stacje pakowania prezent\u00f3w do wynaj\u0119cia &#8211; PacMobil zaspokaja popyt w okresie \u015bwi\u0105tecznym<\/p>\n<p>&nbsp;<\/p>\n<p>[\/vc_custom_heading][\/vc_column_inner][\/vc_row_inner][vc_empty_space empty_h=&#8221;1&#8243; mobile_visibility=&#8221;yes&#8221;][vc_row_inner row_inner_height_percent=&#8221;0&#8243; overlay_alpha=&#8221;50&#8243; gutter_size=&#8221;3&#8243; shift_y=&#8221;0&#8243; z_index=&#8221;0&#8243; limit_content=&#8221;&#8221;][vc_column_inner column_width_percent=&#8221;100&#8243; position_horizontal=&#8221;left&#8221; gutter_size=&#8221;3&#8243; style=&#8221;dark&#8221; overlay_alpha=&#8221;50&#8243; shift_x=&#8221;0&#8243; shift_y=&#8221;0&#8243; shift_y_down=&#8221;0&#8243; z_index=&#8221;3&#8243; medium_width=&#8221;0&#8243; mobile_width=&#8221;0&#8243; width=&#8221;1\/1&#8243; uncode_shortcode_id=&#8221;156729&#8243;][vc_custom_heading text_size=&#8221;h5&#8243; text_weight=&#8221;400&#8243; text_height=&#8221;fontheight-357766&#8243; sub_lead=&#8221;yes&#8221; uncode_shortcode_id=&#8221;163661&#8243;]PacMobil is a versatile, custom-designed mobile table with complete tearing and cutting equipment for efficient package wrapping. Renting the PacMobil wrapping station offers a flexible, high-capacity solution for peak periods like holiday seasons, promotions, and more. Need it long-term? Buy it for permanent use. Delivered directly to your store, PacMobil ensures seamless packaging operations whenever you need it.[\/vc_custom_heading][\/vc_column_inner][\/vc_row_inner][vc_empty_space empty_h=&#8221;2&#8243; mobile_visibility=&#8221;yes&#8221;][vc_row_inner row_inner_height_percent=&#8221;0&#8243; overlay_alpha=&#8221;50&#8243; gutter_size=&#8221;3&#8243; shift_y=&#8221;0&#8243; z_index=&#8221;0&#8243; el_class=&#8221;row-button&#8221; limit_content=&#8221;&#8221;][vc_column_inner column_width_use_pixel=&#8221;yes&#8221; position_horizontal=&#8221;left&#8221; gutter_size=&#8221;3&#8243; style=&#8221;dark&#8221; overlay_alpha=&#8221;50&#8243; shift_x=&#8221;0&#8243; shift_y=&#8221;0&#8243; shift_y_down=&#8221;0&#8243; z_index=&#8221;3&#8243; medium_width=&#8221;0&#8243; mobile_width=&#8221;0&#8243; width=&#8221;1\/1&#8243; column_width_pixel=&#8221;700&#8243; uncode_shortcode_id=&#8221;457602&#8243;][vc_button button_color=&#8221;accent&#8221; custom_typo=&#8221;yes&#8221; font_family=&#8221;font-362383&#8243; font_weight=&#8221;600&#8243; border_width=&#8221;0&#8243; display=&#8221;inline&#8221; scale_mobile=&#8221;no&#8221; icon=&#8221;fa fa-arrow-down2&#8243; link=&#8221;url:%23produkter|&#8221; uncode_shortcode_id=&#8221;183402&#8243; button_color_type=&#8221;uncode-palette&#8221; width=&#8221;150&#8243;]PRZEGL\u0104D PRODUKT\u00d3W[\/vc_button][\/vc_column_inner][\/vc_row_inner][vc_empty_space empty_h=&#8221;3&#8243; desktop_visibility=&#8221;yes&#8221;][\/vc_column][\/vc_row][vc_row row_height_percent=&#8221;0&#8243; override_padding=&#8221;yes&#8221; h_padding=&#8221;2&#8243; top_padding=&#8221;3&#8243; bottom_padding=&#8221;3&#8243; back_color=&#8221;color-xsdn&#8221; overlay_alpha=&#8221;50&#8243; gutter_size=&#8221;3&#8243; column_width_percent=&#8221;100&#8243; shift_y=&#8221;0&#8243; z_index=&#8221;0&#8243; uncode_shortcode_id=&#8221;125749&#8243; back_color_type=&#8221;uncode-palette&#8221; row_name=&#8221;produkter&#8221;][vc_column column_width_percent=&#8221;100&#8243; gutter_size=&#8221;3&#8243; overlay_alpha=&#8221;50&#8243; shift_x=&#8221;0&#8243; shift_y=&#8221;0&#8243; shift_y_down=&#8221;0&#8243; z_index=&#8221;0&#8243; medium_width=&#8221;0&#8243; mobile_width=&#8221;0&#8243; width=&#8221;1\/1&#8243; uncode_shortcode_id=&#8221;198801&#8243;][uncode_index el_id=&#8221;index-9876&#8243; index_type=&#8221;css_grid&#8221; loop=&#8221;size:All|order_by:date|post_type:product|by_id:147083,147986,147994|taxonomy_order:term_order|taxonomy_count:All&#8221; grid_items=&#8221;3&#8243; screen_lg_items=&#8221;3&#8243; screen_lg_breakpoint=&#8221;1400&#8243; screen_md_items=&#8221;3&#8243; screen_md_breakpoint=&#8221;900&#8243; screen_sm_items=&#8221;2&#8243; screen_sm_breakpoint=&#8221;480&#8243; gutter_size=&#8221;2&#8243; product_items=&#8221;media|featured|onpost|original|hide-sale|default-atc|inherit-w-atc|atc-typo-default|hide-atc,title&#8221; uncode_taxonomy_items=&#8221;media|secondary|onpost|original,title,count|transparentbg|topright|hide-label&#8221; css_grid_images_size=&#8221;one-one&#8221; single_overlay_opacity=&#8221;50&#8243; single_overlay_anim=&#8221;no&#8221; single_text_visible=&#8221;yes&#8221; single_text_anim=&#8221;no&#8221; single_padding=&#8221;1&#8243; single_border=&#8221;yes&#8221; custom_order=&#8221;yes&#8221; no_double_tap=&#8221;yes&#8221; uncode_shortcode_id=&#8221;868188&#8243;][\/vc_column][\/vc_row]<\/p>\n<\/div>","protected":false},"excerpt":{"rendered":"<p>[vc_row row_height_percent=&#8221;85&#8243; override_padding=&#8221;yes&#8221; h_padding=&#8221;2&#8243; top_padding=&#8221;4&#8243; bottom_padding=&#8221;2&#8243; back_color=&#8221;color-105898&#8243; back_image=&#8221;142454&#8243; back_position=&#8221;center center&#8221; overlay_color=&#8221;color-jevc&#8221; overlay_alpha=&#8221;10&#8243; equal_height=&#8221;yes&#8221; gutter_size=&#8221;3&#8243; column_width_percent=&#8221;100&#8243; shift_y=&#8221;0&#8243; z_index=&#8221;1&#8243; enable_top_divider=&#8221;default&#8221; top_divider=&#8221;gradient&#8221; shape_top_h_use_pixel=&#8221;&#8221; [&hellip;]<\/p>\n","protected":false},"author":4,"featured_media":143977,"parent":0,"menu_order":0,"comment_status":"closed","ping_status":"closed","template":"","meta":{"_monsterinsights_skip_tracking":false,"_monsterinsights_sitenote_active":false,"_monsterinsights_sitenote_note":"","_monsterinsights_sitenote_category":0,"footnotes":""},"class_list":["post-145306","page","type-page","status-publish","has-post-thumbnail","hentry"],"_links":{"self":[{"href":"https:\/\/engstromindustry.com\/pl\/wp-json\/wp\/v2\/pages\/145306","targetHints":{"allow":["GET"]}}],"collection":[{"href":"https:\/\/engstromindustry.com\/pl\/wp-json\/wp\/v2\/pages"}],"about":[{"href":"https:\/\/engstromindustry.com\/pl\/wp-json\/wp\/v2\/types\/page"}],"author":[{"embeddable":true,"href":"https:\/\/engstromindustry.com\/pl\/wp-json\/wp\/v2\/users\/4"}],"replies":[{"embeddable":true,"href":"https:\/\/engstromindustry.com\/pl\/wp-json\/wp\/v2\/comments?post=145306"}],"version-history":[{"count":9,"href":"https:\/\/engstromindustry.com\/pl\/wp-json\/wp\/v2\/pages\/145306\/revisions"}],"predecessor-version":[{"id":148150,"href":"https:\/\/engstromindustry.com\/pl\/wp-json\/wp\/v2\/pages\/145306\/revisions\/148150"}],"wp:featuredmedia":[{"embeddable":true,"href":"https:\/\/engstromindustry.com\/pl\/wp-json\/wp\/v2\/media\/143977"}],"wp:attachment":[{"href":"https:\/\/engstromindustry.com\/pl\/wp-json\/wp\/v2\/media?parent=145306"}],"curies":[{"name":"wp","href":"https:\/\/api.w.org\/{rel}","templated":true}]}}