{"id":151486,"date":"2025-11-13T09:53:29","date_gmt":"2025-11-13T09:53:29","guid":{"rendered":"https:\/\/engstromindustry.com\/?post_type=product&#038;p=151486"},"modified":"2025-11-13T10:31:19","modified_gmt":"2025-11-13T10:31:19","slug":"papierrollenschneider-fur-untersuchungsliegenpapier-im-gesundheitswesen","status":"publish","type":"product","link":"https:\/\/engstromindustry.com\/de\/produkt\/papierrollenschneider-fur-untersuchungsliegenpapier-im-gesundheitswesen\/","title":{"rendered":"Papierschneidevorrichtung f\u00fcr Liegenpapier im Gesundheitswesen."},"content":{"rendered":"","protected":false},"excerpt":{"rendered":"<p data-start=\"217\" data-end=\"290\">Papierschneidevorrichtung mit gezahntem Messer, entwickelt f\u00fcr medizinische Umgebungen.<\/p>\n<p data-start=\"292\" data-end=\"555\">Entdecken Sie unseren <strong data-start=\"305\" data-end=\"342\">Papierrollenschneider<\/strong><span style=\"box-sizing: border-box; margin: 0px; padding: 0px;\"><strong> mit gezackter Klinge<\/strong>, der speziell f\u00fcr Einrichtungen des Gesundheitswesens entwickelt wurde, in denen t\u00e4glich Papier f\u00fcr Untersuchungsliegen verwendet wird<\/span>. Dank seiner <strong data-start=\"437\" data-end=\"460\">robusten Konstruktion<\/strong> l\u00e4sst sich das Papier schnell und hygienisch ausrollen, schneiden und zwischen den Patienten austauschen. <\/p>\n<p data-start=\"557\" data-end=\"831\">Unsere Papierrollenschneider sind in verschiedenen Breiten erh\u00e4ltlich, wobei <strong data-start=\"612\" data-end=\"621\">60 cm<\/strong> die g\u00e4ngigste Gr\u00f6\u00dfe f\u00fcr die Untersuchung von Liegepapier ist. Die <strong data-start=\"682\" data-end=\"700\">gezahnte Klinge<\/strong> sorgt f\u00fcr einen sauberen, pr\u00e4zisen Schnitt und ist mit allen Arten von Liegepapier kompatibel, auch mit solchen mit einer etwas dickeren Struktur. <\/p>\n<h5 data-start=\"833\" data-end=\"881\">Befestigungsm\u00f6glichkeiten mit zus\u00e4tzlichen Halterungen:<\/h5>\n<p data-start=\"884\" data-end=\"931\"><strong data-start=\"884\" data-end=\"902\">Papierrollenschneider UD <\/strong>&#8211; Wird unter einer Theke montiert.<br \/>\n<strong data-start=\"934\" data-end=\"973\">Papierrollenschneider V mit <a href=\"https:\/\/engstromindustry.com\/de\/produkt\/konsole-standard\/\">Standardhalterung<\/a><\/strong> &#8211; Kann an der Wand oder unter einem Tresen montiert werden.<br \/>\n<strong data-start=\"1027\" data-end=\"1061\">Papierrollenschneider LV mit <a href=\"https:\/\/engstromindustry.com\/de\/produkt\/konsole-lv-combi\/\">LV-Halterung<\/a><\/strong> &#8211; Kann an der Wand, auf einem Tresen, vertikal oder unter einem Tresen montiert werden.<br \/>\n<strong data-start=\"1142\" data-end=\"1182\">Papierrollenschneider UD mit <a href=\"https:\/\/engstromindustry.com\/de\/produkt\/konsole-portable\/\">tragbarer Halterung<\/a><\/strong> &#8211; Freistehendes Modell f\u00fcr den Einsatz auf dem Tisch.<br \/>\n<strong data-start=\"1226\" data-end=\"1266\">Papierrollenschneider UD mit <a href=\"https:\/\/engstromindustry.com\/de\/produkt\/halterung-wand-90\/\">90\u00b0-Wandhalterung<\/a><\/strong> &#8211; Wird an der Wand montiert, um eine h\u00f6here Platzierung zu erm\u00f6glichen.<br \/>\n<strong data-start=\"1315\" data-end=\"1352\">Papierrollenschneider UD mit <a href=\"https:\/\/engstromindustry.com\/de\/produkt\/kombi-konsole\/\">Kombihalterung<\/a><\/strong> &#8211; Kann an der Wand montiert oder freistehend auf einem Tisch verwendet werden.<\/p>\n<p data-start=\"884\" data-end=\"931\">Der Papierrollenschneider wird in der Standardfarbe <strong data-start=\"50\" data-end=\"59\">Wei\u00df<\/strong> geliefert.<\/p>\n","protected":false},"featured_media":152432,"comment_status":"open","ping_status":"closed","template":"","meta":{"_monsterinsights_skip_tracking":false,"_monsterinsights_sitenote_active":false,"_monsterinsights_sitenote_note":"","_monsterinsights_sitenote_category":0},"product_brand":[],"product_cat":[467,456],"product_tag":[],"class_list":{"0":"post-151486","1":"product","2":"type-product","3":"status-publish","4":"has-post-thumbnail","6":"product_cat-gesundheitspflege","7":"product_cat-rollenhalter","8":"pa_paper-width-100cm","9":"pa_paper-width-120cm","10":"pa_paper-width-150cm","11":"pa_paper-width-20cm","12":"pa_paper-width-40cm","13":"pa_paper-width-50cm","14":"pa_paper-width-57cm","15":"pa_paper-width-60cm","16":"pa_paper-width-70cm","17":"pa_paper-width-75cm","18":"pa_paper-width-80cm","20":"first","21":"instock","22":"taxable","23":"shipping-taxable","24":"purchasable","25":"product-type-variable","26":"add-to-wishlist-before_image"},"_links":{"self":[{"href":"https:\/\/engstromindustry.com\/de\/wp-json\/wp\/v2\/product\/151486","targetHints":{"allow":["GET"]}}],"collection":[{"href":"https:\/\/engstromindustry.com\/de\/wp-json\/wp\/v2\/product"}],"about":[{"href":"https:\/\/engstromindustry.com\/de\/wp-json\/wp\/v2\/types\/product"}],"replies":[{"embeddable":true,"href":"https:\/\/engstromindustry.com\/de\/wp-json\/wp\/v2\/comments?post=151486"}],"wp:featuredmedia":[{"embeddable":true,"href":"https:\/\/engstromindustry.com\/de\/wp-json\/wp\/v2\/media\/152432"}],"wp:attachment":[{"href":"https:\/\/engstromindustry.com\/de\/wp-json\/wp\/v2\/media?parent=151486"}],"wp:term":[{"taxonomy":"product_brand","embeddable":true,"href":"https:\/\/engstromindustry.com\/de\/wp-json\/wp\/v2\/product_brand?post=151486"},{"taxonomy":"product_cat","embeddable":true,"href":"https:\/\/engstromindustry.com\/de\/wp-json\/wp\/v2\/product_cat?post=151486"},{"taxonomy":"product_tag","embeddable":true,"href":"https:\/\/engstromindustry.com\/de\/wp-json\/wp\/v2\/product_tag?post=151486"}],"curies":[{"name":"wp","href":"https:\/\/api.w.org\/{rel}","templated":true}]}}