{"id":147995,"date":"2025-10-21T13:40:40","date_gmt":"2025-10-21T13:40:40","guid":{"rendered":"https:\/\/engstromindustry.com\/product\/pacmobil-unterstuetzung\/"},"modified":"2025-10-21T13:40:40","modified_gmt":"2025-10-21T13:40:40","slug":"pacmobil-unterstuetzung","status":"publish","type":"product","link":"https:\/\/engstromindustry.com\/de\/produkt\/pacmobil-unterstuetzung\/","title":{"rendered":"PacMobil Unterst\u00fctzung"},"content":{"rendered":"<p>m<\/p>\n","protected":false},"excerpt":{"rendered":"<p>PacMobil Support ist eine leistungsstarke und flexible Wickelscheibe, die speziell entwickelt wurde, um Ihren Arbeitsprozess mit einem integrierten Cutter zu erleichtern.<\/p>\n<p><strong>Ausstattung:<\/strong> Fasst zwei bis drei Geschenkrollen und eine Rolle Wellpappe, f\u00fcnf Rollen Geschenkband und einen Bandhalter.<br \/>\n<strong>Integriertes Schneideger\u00e4t:<\/strong> Sanftes und pr\u00e4zises Schneiden von Papier und Wellpappe dank des integrierten Cutters.<br \/>\n<strong>Oberer B\u00fcgel und Halterung:<\/strong> F\u00fcr Geschenkb\u00e4nder und Klebebandhalter, die zus\u00e4tzliche Funktionalit\u00e4t bieten.<br \/>\n<strong>Mobil und abschlie\u00dfbar:<\/strong> Abschlie\u00dfbare R\u00e4der f\u00fcr einfache Bewegung und Stabilit\u00e4t bei Bedarf.<\/p>\n<p>Kaufen, mieten oder leasen Sie PacMobil Support f\u00fcr kurzfristigen Bedarf wie Weihnachtseink\u00e4ufe, Werbeaktionen und andere Hochsaisonen. Es ist ideal f\u00fcr die Bew\u00e4ltigung erh\u00f6hter Aktivit\u00e4ten in diesen Zeitr\u00e4umen und bietet einen effizienten und organisierten Arbeitsbereich. <\/p>\n<p>Bestellen Sie noch heute Ihr PacMobil Support und erleben Sie eine verbesserte Verpackung und Lagerung.<\/p>\n<p>Kontaktieren Sie uns f\u00fcr weitere Informationen \u00fcber Kauf, Miete oder Mietkauf: <a href=\"mailto:order@engstromindustry.com\">order@engstromindustry.com.<\/a><\/p>\n","protected":false},"featured_media":146752,"comment_status":"closed","ping_status":"closed","template":"","meta":{"_monsterinsights_skip_tracking":false,"_monsterinsights_sitenote_active":false,"_monsterinsights_sitenote_note":"","_monsterinsights_sitenote_category":0},"product_brand":[],"product_cat":[441,443,464,462],"product_tag":[446,448,463],"class_list":{"0":"post-147995","1":"product","2":"type-product","3":"status-publish","4":"has-post-thumbnail","6":"product_cat-einzelhandel","7":"product_cat-industrie","8":"product_cat-kutter","9":"product_cat-mieten","10":"product_tag-einzelhandel","11":"product_tag-industriell","12":"product_tag-vermietungen","14":"first","15":"instock","16":"purchasable","17":"product-type-simple","18":"add-to-wishlist-before_image"},"_links":{"self":[{"href":"https:\/\/engstromindustry.com\/de\/wp-json\/wp\/v2\/product\/147995","targetHints":{"allow":["GET"]}}],"collection":[{"href":"https:\/\/engstromindustry.com\/de\/wp-json\/wp\/v2\/product"}],"about":[{"href":"https:\/\/engstromindustry.com\/de\/wp-json\/wp\/v2\/types\/product"}],"replies":[{"embeddable":true,"href":"https:\/\/engstromindustry.com\/de\/wp-json\/wp\/v2\/comments?post=147995"}],"wp:featuredmedia":[{"embeddable":true,"href":"https:\/\/engstromindustry.com\/de\/wp-json\/wp\/v2\/media\/146752"}],"wp:attachment":[{"href":"https:\/\/engstromindustry.com\/de\/wp-json\/wp\/v2\/media?parent=147995"}],"wp:term":[{"taxonomy":"product_brand","embeddable":true,"href":"https:\/\/engstromindustry.com\/de\/wp-json\/wp\/v2\/product_brand?post=147995"},{"taxonomy":"product_cat","embeddable":true,"href":"https:\/\/engstromindustry.com\/de\/wp-json\/wp\/v2\/product_cat?post=147995"},{"taxonomy":"product_tag","embeddable":true,"href":"https:\/\/engstromindustry.com\/de\/wp-json\/wp\/v2\/product_tag?post=147995"}],"curies":[{"name":"wp","href":"https:\/\/api.w.org\/{rel}","templated":true}]}}