{"id":147311,"date":"2024-07-03T08:52:51","date_gmt":"2024-07-03T08:52:51","guid":{"rendered":"https:\/\/engstromindustry.com\/product\/guertelhalter-fest\/"},"modified":"2024-07-03T08:52:51","modified_gmt":"2024-07-03T08:52:51","slug":"guertelhalter-fest","status":"publish","type":"product","link":"https:\/\/engstromindustry.com\/de\/produkt\/guertelhalter-fest\/","title":{"rendered":"G\u00fcrtelhalter, fest"},"content":{"rendered":"","protected":false},"excerpt":{"rendered":"<p>Der FM Fast Montage Bandhalter ist eine einfache und praktische L\u00f6sung f\u00fcr die Organisation von Geschenkb\u00e4ndern und Klebeband.<br \/>\nMit Platz f\u00fcr eine Rolle Geschenkband und einen Abrei\u00dfstreifen bietet dieser Halter gro\u00dfe Flexibilit\u00e4t.<\/p>\n<p>Er kann auf verschiedene Weise montiert werden &#8211; an der Wand, auf der Theke oder unter der Theke &#8211; und ist damit vielseitig f\u00fcr jede Arbeitsumgebung einsetzbar.<\/p>\n<p>Die Standardfarbe ist wei\u00df, was zu den meisten Inneneinrichtungen passt.<\/p>\n<p>&nbsp;<\/p>\n","protected":false},"featured_media":145662,"comment_status":"closed","ping_status":"closed","template":"","meta":{"_monsterinsights_skip_tracking":false,"_monsterinsights_sitenote_active":false,"_monsterinsights_sitenote_note":"","_monsterinsights_sitenote_category":0},"product_brand":[],"product_cat":[466,441],"product_tag":[446],"class_list":{"0":"post-147311","1":"product","2":"type-product","3":"status-publish","4":"has-post-thumbnail","6":"product_cat-bandstand-de","7":"product_cat-einzelhandel","8":"product_tag-einzelhandel","10":"first","11":"instock","12":"purchasable","13":"product-type-simple","14":"add-to-wishlist-before_image"},"_links":{"self":[{"href":"https:\/\/engstromindustry.com\/de\/wp-json\/wp\/v2\/product\/147311","targetHints":{"allow":["GET"]}}],"collection":[{"href":"https:\/\/engstromindustry.com\/de\/wp-json\/wp\/v2\/product"}],"about":[{"href":"https:\/\/engstromindustry.com\/de\/wp-json\/wp\/v2\/types\/product"}],"replies":[{"embeddable":true,"href":"https:\/\/engstromindustry.com\/de\/wp-json\/wp\/v2\/comments?post=147311"}],"wp:featuredmedia":[{"embeddable":true,"href":"https:\/\/engstromindustry.com\/de\/wp-json\/wp\/v2\/media\/145662"}],"wp:attachment":[{"href":"https:\/\/engstromindustry.com\/de\/wp-json\/wp\/v2\/media?parent=147311"}],"wp:term":[{"taxonomy":"product_brand","embeddable":true,"href":"https:\/\/engstromindustry.com\/de\/wp-json\/wp\/v2\/product_brand?post=147311"},{"taxonomy":"product_cat","embeddable":true,"href":"https:\/\/engstromindustry.com\/de\/wp-json\/wp\/v2\/product_cat?post=147311"},{"taxonomy":"product_tag","embeddable":true,"href":"https:\/\/engstromindustry.com\/de\/wp-json\/wp\/v2\/product_tag?post=147311"}],"curies":[{"name":"wp","href":"https:\/\/api.w.org\/{rel}","templated":true}]}}