{"id":147266,"date":"2024-07-03T08:53:40","date_gmt":"2024-07-03T08:53:40","guid":{"rendered":"https:\/\/engstromindustry.com\/product\/tischstaender-60\/"},"modified":"2024-07-03T08:53:40","modified_gmt":"2024-07-03T08:53:40","slug":"tischstaender-60","status":"publish","type":"product","link":"https:\/\/engstromindustry.com\/de\/produkt\/tischstaender-60\/","title":{"rendered":"Tischst\u00e4nder 60"},"content":{"rendered":"","protected":false},"excerpt":{"rendered":"<p>Dieser Tischst\u00e4nder ist f\u00fcr Rollen mit einer Breite von bis zu 60 cm ausgelegt und ist mit den Standard-LV-Rollenhaltern kompatibel.<br \/>\nSie k\u00f6nnen den St\u00e4nder f\u00fcr zus\u00e4tzliche Stabilit\u00e4t einfach an die Theke schrauben oder ihn frei auf dem Boden stehen lassen, je nach Bedarf.<\/p>\n<p>Die Standardfarbe ist wei\u00df, so dass der St\u00e4nder in die meisten Arbeitsumgebungen passt.<\/p>\n","protected":false},"featured_media":145754,"comment_status":"closed","ping_status":"closed","template":"","meta":{"_monsterinsights_skip_tracking":false,"_monsterinsights_sitenote_active":false,"_monsterinsights_sitenote_note":"","_monsterinsights_sitenote_category":0},"product_brand":[],"product_cat":[458,441,443],"product_tag":[446,448],"class_list":{"0":"post-147266","1":"product","2":"type-product","3":"status-publish","4":"has-post-thumbnail","6":"product_cat-bodenstander","7":"product_cat-einzelhandel","8":"product_cat-industrie","9":"product_tag-einzelhandel","10":"product_tag-industriell","12":"first","13":"instock","14":"purchasable","15":"product-type-simple","16":"add-to-wishlist-before_image"},"_links":{"self":[{"href":"https:\/\/engstromindustry.com\/de\/wp-json\/wp\/v2\/product\/147266","targetHints":{"allow":["GET"]}}],"collection":[{"href":"https:\/\/engstromindustry.com\/de\/wp-json\/wp\/v2\/product"}],"about":[{"href":"https:\/\/engstromindustry.com\/de\/wp-json\/wp\/v2\/types\/product"}],"replies":[{"embeddable":true,"href":"https:\/\/engstromindustry.com\/de\/wp-json\/wp\/v2\/comments?post=147266"}],"wp:featuredmedia":[{"embeddable":true,"href":"https:\/\/engstromindustry.com\/de\/wp-json\/wp\/v2\/media\/145754"}],"wp:attachment":[{"href":"https:\/\/engstromindustry.com\/de\/wp-json\/wp\/v2\/media?parent=147266"}],"wp:term":[{"taxonomy":"product_brand","embeddable":true,"href":"https:\/\/engstromindustry.com\/de\/wp-json\/wp\/v2\/product_brand?post=147266"},{"taxonomy":"product_cat","embeddable":true,"href":"https:\/\/engstromindustry.com\/de\/wp-json\/wp\/v2\/product_cat?post=147266"},{"taxonomy":"product_tag","embeddable":true,"href":"https:\/\/engstromindustry.com\/de\/wp-json\/wp\/v2\/product_tag?post=147266"}],"curies":[{"name":"wp","href":"https:\/\/api.w.org\/{rel}","templated":true}]}}