{"id":147261,"date":"2024-07-03T08:53:40","date_gmt":"2024-07-03T08:53:40","guid":{"rendered":"https:\/\/engstromindustry.com\/product\/cutter-fuer-den-elektronischen-handel\/"},"modified":"2024-07-03T08:53:40","modified_gmt":"2024-07-03T08:53:40","slug":"cutter-fuer-den-elektronischen-handel","status":"publish","type":"product","link":"https:\/\/engstromindustry.com\/de\/produkt\/cutter-fuer-den-elektronischen-handel\/","title":{"rendered":"Cutter f\u00fcr den elektronischen Handel"},"content":{"rendered":"","protected":false},"excerpt":{"rendered":"<p>Der E-Commerce-Schneider ist die ultimative L\u00f6sung f\u00fcr E-Commerce-Unternehmen, die gro\u00dfe Mengen von Paketen verarbeiten. Dieser Cutter wurde entwickelt, um den Anforderungen einer pr\u00e4zisen und effizienten Paketverpackung gerecht zu werden. Er hilft Ihnen, den Materialverbrauch zu maximieren, indem er genau so viel wie n\u00f6tig abschneidet und so den Abfall reduziert. <\/p>\n<p><strong>Multifunktional:<\/strong> verarbeitet Papier, Wellpappe und Zellophan mit Pr\u00e4zision.<br \/>\n<strong>Komplette Ausstattung:<\/strong> Hat Platz f\u00fcr mehrere Papierrollen, zwei Klebebandhalter und eine praktische Halterung f\u00fcr Geschenkband und Schnur.<br \/>\n<strong>Optimales Fassungsverm\u00f6gen:<\/strong> 100 cm Schnittbreite erm\u00f6glichen gr\u00f6\u00dfere Rollen oder mehrere k\u00fcrzere Rollen, perfekt zum Verpacken von Geschenken und gr\u00f6\u00dferen Paketen.<br \/>\n<strong>Konzipiert f\u00fcr E-Commerce:<\/strong> Ma\u00dfgeschneidert, um das Einpacken und den Transport gr\u00f6\u00dferer Pakete in der E-Commerce-Abteilung des Gesch\u00e4fts effizient zu handhaben.<\/p>\n<p>Erh\u00e4ltlich in der Farbe Silber.<\/p>\n<p>Entwickeln Sie Ihre Paketverpackung mit unserer E-Commerce-Schneide und bew\u00e4ltigen Sie m\u00fchelos die hohen Volumen.<\/p>\n","protected":false},"featured_media":145802,"comment_status":"closed","ping_status":"closed","template":"","meta":{"_monsterinsights_skip_tracking":false,"_monsterinsights_sitenote_active":false,"_monsterinsights_sitenote_note":"","_monsterinsights_sitenote_category":0},"product_brand":[],"product_cat":[441,443,464],"product_tag":[446,448],"class_list":{"0":"post-147261","1":"product","2":"type-product","3":"status-publish","4":"has-post-thumbnail","6":"product_cat-einzelhandel","7":"product_cat-industrie","8":"product_cat-kutter","9":"product_tag-einzelhandel","10":"product_tag-industriell","12":"first","13":"instock","14":"purchasable","15":"product-type-simple","16":"add-to-wishlist-before_image"},"_links":{"self":[{"href":"https:\/\/engstromindustry.com\/de\/wp-json\/wp\/v2\/product\/147261","targetHints":{"allow":["GET"]}}],"collection":[{"href":"https:\/\/engstromindustry.com\/de\/wp-json\/wp\/v2\/product"}],"about":[{"href":"https:\/\/engstromindustry.com\/de\/wp-json\/wp\/v2\/types\/product"}],"replies":[{"embeddable":true,"href":"https:\/\/engstromindustry.com\/de\/wp-json\/wp\/v2\/comments?post=147261"}],"wp:featuredmedia":[{"embeddable":true,"href":"https:\/\/engstromindustry.com\/de\/wp-json\/wp\/v2\/media\/145802"}],"wp:attachment":[{"href":"https:\/\/engstromindustry.com\/de\/wp-json\/wp\/v2\/media?parent=147261"}],"wp:term":[{"taxonomy":"product_brand","embeddable":true,"href":"https:\/\/engstromindustry.com\/de\/wp-json\/wp\/v2\/product_brand?post=147261"},{"taxonomy":"product_cat","embeddable":true,"href":"https:\/\/engstromindustry.com\/de\/wp-json\/wp\/v2\/product_cat?post=147261"},{"taxonomy":"product_tag","embeddable":true,"href":"https:\/\/engstromindustry.com\/de\/wp-json\/wp\/v2\/product_tag?post=147261"}],"curies":[{"name":"wp","href":"https:\/\/api.w.org\/{rel}","templated":true}]}}