{"id":147191,"date":"2024-07-03T08:53:25","date_gmt":"2024-07-03T08:53:25","guid":{"rendered":"https:\/\/engstromindustry.com\/product\/antiquitaet-602\/"},"modified":"2024-07-03T08:53:25","modified_gmt":"2024-07-03T08:53:25","slug":"antiquitaet-602","status":"publish","type":"product","link":"https:\/\/engstromindustry.com\/de\/produkt\/antiquitaet-602\/","title":{"rendered":"Antiquit\u00e4t 602"},"content":{"rendered":"","protected":false},"excerpt":{"rendered":"<p>Entdecken Sie den Rollenst\u00e4nder Antique 602, ein Produkt, das klassischen Charme mit moderner Funktionalit\u00e4t verbindet und so konzipiert ist, dass es auf der Theke auff\u00e4llt. Dieser Rollenst\u00e4nder ist perfekt, um Ihr Geschenkpapier zu pr\u00e4sentieren und ein fester Bestandteil der Dekoration in z.B. kleinen Vintage- oder Einrichtungsgesch\u00e4ften zu werden. <\/p>\n<p>W\u00e4hlen Sie aus drei Gr\u00f6\u00dfenoptionen, um Ihre speziellen Bed\u00fcrfnisse zu erf\u00fcllen:<\/p>\n<p>Antique 402: Papierbreite 40-20 cm<br \/>\nAntique 602: Papierbreite 60-40 cm<br \/>\nAntique 603: Papierbreite 60-40-20 cm<\/p>\n<p>Das antike Design in der Standardfarbe schwarzes Schmiedeeisen sorgt f\u00fcr einen klassischen Look, aber Sie k\u00f6nnen sich auch f\u00fcr Wei\u00df oder Gold entscheiden, um einen zus\u00e4tzlichen Vintage-Look zu erhalten.<\/p>\n<p>Vervollst\u00e4ndigen Sie Ihre Einrichtung mit unseren als Zubeh\u00f6r erh\u00e4ltlichen Fu\u00dfplatten aus Kiefer, Mahagoni oder antik gebeizt.<\/p>\n","protected":false},"featured_media":145842,"comment_status":"closed","ping_status":"closed","template":"","meta":{"_monsterinsights_skip_tracking":false,"_monsterinsights_sitenote_active":false,"_monsterinsights_sitenote_note":"","_monsterinsights_sitenote_category":0},"product_brand":[],"product_cat":[441,456],"product_tag":[446],"class_list":{"0":"post-147191","1":"product","2":"type-product","3":"status-publish","4":"has-post-thumbnail","6":"product_cat-einzelhandel","7":"product_cat-rollenhalter","8":"product_tag-einzelhandel","9":"pa_wooden-base-furu","10":"pa_wooden-base-mahogny","12":"first","13":"instock","14":"purchasable","15":"product-type-variable","16":"add-to-wishlist-before_image"},"_links":{"self":[{"href":"https:\/\/engstromindustry.com\/de\/wp-json\/wp\/v2\/product\/147191","targetHints":{"allow":["GET"]}}],"collection":[{"href":"https:\/\/engstromindustry.com\/de\/wp-json\/wp\/v2\/product"}],"about":[{"href":"https:\/\/engstromindustry.com\/de\/wp-json\/wp\/v2\/types\/product"}],"replies":[{"embeddable":true,"href":"https:\/\/engstromindustry.com\/de\/wp-json\/wp\/v2\/comments?post=147191"}],"wp:featuredmedia":[{"embeddable":true,"href":"https:\/\/engstromindustry.com\/de\/wp-json\/wp\/v2\/media\/145842"}],"wp:attachment":[{"href":"https:\/\/engstromindustry.com\/de\/wp-json\/wp\/v2\/media?parent=147191"}],"wp:term":[{"taxonomy":"product_brand","embeddable":true,"href":"https:\/\/engstromindustry.com\/de\/wp-json\/wp\/v2\/product_brand?post=147191"},{"taxonomy":"product_cat","embeddable":true,"href":"https:\/\/engstromindustry.com\/de\/wp-json\/wp\/v2\/product_cat?post=147191"},{"taxonomy":"product_tag","embeddable":true,"href":"https:\/\/engstromindustry.com\/de\/wp-json\/wp\/v2\/product_tag?post=147191"}],"curies":[{"name":"wp","href":"https:\/\/api.w.org\/{rel}","templated":true}]}}