{"id":147166,"date":"2024-07-03T08:53:07","date_gmt":"2024-07-03T08:53:07","guid":{"rendered":"https:\/\/engstromindustry.com\/product\/papierkassette\/"},"modified":"2024-07-03T08:53:07","modified_gmt":"2024-07-03T08:53:07","slug":"papierkassette","status":"publish","type":"product","link":"https:\/\/engstromindustry.com\/de\/produkt\/papierkassette\/","title":{"rendered":"Papierkassette"},"content":{"rendered":"","protected":false},"excerpt":{"rendered":"<p>Die PK60-Papierkassette ist die offensichtliche Wahl f\u00fcr neu gebaute Verpackungstheken.<br \/>\nSie ist so konzipiert, dass sie den Platzbedarf und die Effizienz maximiert, was sie zum Favoriten unserer Kunden macht.<\/p>\n<p><strong>Flexibler Stauraum:<\/strong> Platz f\u00fcr drei Papierrollen mit einer Breite von 60, 40 und 20 cm oder zwei gro\u00dfe Rollen mit bis zu 60 cm Breite, so dass Sie die M\u00f6glichkeit haben, sie nach Bedarf anzupassen.<br \/>\n<strong>Patentiertes Abrei\u00dfwerkzeug:<\/strong> Eingebautes Abrei\u00dfwerkzeug f\u00fcr schnelle und einfache Anwendung.<br \/>\n<strong>Optimale Nutzung der Tiefe:<\/strong> Entwickelt, um die Tiefe der Disc optimal zu nutzen, um Platz zu sparen und den Arbeitsablauf zu verbessern.<br \/>\n<strong>H\u00e4ngeb\u00fcgel:<\/strong> Zur Montage in der vorhandenen Theke.<br \/>\n<strong>Abmessungen:<\/strong> B 635 mm, T 550 mm, H 250 mm<\/p>\n<p>Die Standardfarbe ist Silber, aber es ist auch in Anthrazit und Schwarz erh\u00e4ltlich, passend zu Ihrem Interieur.<\/p>\n<p>Verbessern Sie Ihre Verpackungstheke mit der Papierkassette PK60 &#8211; der perfekten L\u00f6sung f\u00fcr effizientes und organisiertes Einpacken von Paketen.<br \/>\nBestellen Sie jetzt und erleben Sie den Unterschied in Ihrem Gesch\u00e4ft!<\/p>\n","protected":false},"featured_media":145756,"comment_status":"closed","ping_status":"closed","template":"","meta":{"_monsterinsights_skip_tracking":false,"_monsterinsights_sitenote_active":false,"_monsterinsights_sitenote_note":"","_monsterinsights_sitenote_category":0},"product_brand":[],"product_cat":[441,444],"product_tag":[446],"class_list":{"0":"post-147166","1":"product","2":"type-product","3":"status-publish","4":"has-post-thumbnail","6":"product_cat-einzelhandel","7":"product_cat-papierkassette","8":"product_tag-einzelhandel","10":"first","11":"instock","12":"purchasable","13":"product-type-variable","14":"add-to-wishlist-before_image"},"_links":{"self":[{"href":"https:\/\/engstromindustry.com\/de\/wp-json\/wp\/v2\/product\/147166","targetHints":{"allow":["GET"]}}],"collection":[{"href":"https:\/\/engstromindustry.com\/de\/wp-json\/wp\/v2\/product"}],"about":[{"href":"https:\/\/engstromindustry.com\/de\/wp-json\/wp\/v2\/types\/product"}],"replies":[{"embeddable":true,"href":"https:\/\/engstromindustry.com\/de\/wp-json\/wp\/v2\/comments?post=147166"}],"wp:featuredmedia":[{"embeddable":true,"href":"https:\/\/engstromindustry.com\/de\/wp-json\/wp\/v2\/media\/145756"}],"wp:attachment":[{"href":"https:\/\/engstromindustry.com\/de\/wp-json\/wp\/v2\/media?parent=147166"}],"wp:term":[{"taxonomy":"product_brand","embeddable":true,"href":"https:\/\/engstromindustry.com\/de\/wp-json\/wp\/v2\/product_brand?post=147166"},{"taxonomy":"product_cat","embeddable":true,"href":"https:\/\/engstromindustry.com\/de\/wp-json\/wp\/v2\/product_cat?post=147166"},{"taxonomy":"product_tag","embeddable":true,"href":"https:\/\/engstromindustry.com\/de\/wp-json\/wp\/v2\/product_tag?post=147166"}],"curies":[{"name":"wp","href":"https:\/\/api.w.org\/{rel}","templated":true}]}}