{"id":147041,"date":"2024-07-03T08:52:51","date_gmt":"2024-07-03T08:52:51","guid":{"rendered":"https:\/\/engstromindustry.com\/product\/bandbox-bl-300\/"},"modified":"2024-07-03T08:52:51","modified_gmt":"2024-07-03T08:52:51","slug":"bandbox-bl-300","status":"publish","type":"product","link":"https:\/\/engstromindustry.com\/de\/produkt\/bandbox-bl-300\/","title":{"rendered":"Bandbox BL 300"},"content":{"rendered":"","protected":false},"excerpt":{"rendered":"<p>Verwandeln Sie Ihre Theke mit unserer eleganten BL 300 Farbbandbox, die sich perfekt f\u00fcr die Organisation von Etikettenrollen und Geschenkb\u00e4ndern eignet.<\/p>\n<p>Diese Box ist so konzipiert, dass sie fest auf der Theke steht. Sie bietet herausnehmbare Trennw\u00e4nde, eine beschwerte Achse f\u00fcr den einfachen Zugriff auf die B\u00e4nder und ein praktisches Fach f\u00fcr die Schere.<\/p>\n<p>Dank der Gummif\u00fc\u00dfe an der Unterseite bleibt die Box fest an ihrem Platz, so dass Sie sich keine Sorgen machen m\u00fcssen, dass sie verrutscht.<\/p>\n<p>W\u00e4hlen Sie aus stilvollen Farben wie Schwarz und Silber, die zu Ihrem Gesch\u00e4ft oder Arbeitsbereich passen.<\/p>\n","protected":false},"featured_media":145684,"comment_status":"closed","ping_status":"closed","template":"","meta":{"_monsterinsights_skip_tracking":false,"_monsterinsights_sitenote_active":false,"_monsterinsights_sitenote_note":"","_monsterinsights_sitenote_category":0},"product_brand":[],"product_cat":[466,441],"product_tag":[446],"class_list":{"0":"post-147041","1":"product","2":"type-product","3":"status-publish","4":"has-post-thumbnail","6":"product_cat-bandstand-de","7":"product_cat-einzelhandel","8":"product_tag-einzelhandel","10":"first","11":"instock","12":"purchasable","13":"product-type-variable","14":"add-to-wishlist-before_image"},"_links":{"self":[{"href":"https:\/\/engstromindustry.com\/de\/wp-json\/wp\/v2\/product\/147041","targetHints":{"allow":["GET"]}}],"collection":[{"href":"https:\/\/engstromindustry.com\/de\/wp-json\/wp\/v2\/product"}],"about":[{"href":"https:\/\/engstromindustry.com\/de\/wp-json\/wp\/v2\/types\/product"}],"replies":[{"embeddable":true,"href":"https:\/\/engstromindustry.com\/de\/wp-json\/wp\/v2\/comments?post=147041"}],"wp:featuredmedia":[{"embeddable":true,"href":"https:\/\/engstromindustry.com\/de\/wp-json\/wp\/v2\/media\/145684"}],"wp:attachment":[{"href":"https:\/\/engstromindustry.com\/de\/wp-json\/wp\/v2\/media?parent=147041"}],"wp:term":[{"taxonomy":"product_brand","embeddable":true,"href":"https:\/\/engstromindustry.com\/de\/wp-json\/wp\/v2\/product_brand?post=147041"},{"taxonomy":"product_cat","embeddable":true,"href":"https:\/\/engstromindustry.com\/de\/wp-json\/wp\/v2\/product_cat?post=147041"},{"taxonomy":"product_tag","embeddable":true,"href":"https:\/\/engstromindustry.com\/de\/wp-json\/wp\/v2\/product_tag?post=147041"}],"curies":[{"name":"wp","href":"https:\/\/api.w.org\/{rel}","templated":true}]}}