{"id":146949,"date":"2024-07-03T12:31:18","date_gmt":"2024-07-03T12:31:18","guid":{"rendered":"https:\/\/engstromindustry.com\/product\/schiene-schneiden-store\/"},"modified":"2024-07-03T12:31:18","modified_gmt":"2024-07-03T12:31:18","slug":"schiene-schneiden-store","status":"publish","type":"product","link":"https:\/\/engstromindustry.com\/de\/produkt\/schiene-schneiden-store\/","title":{"rendered":"Schiene schneiden Store"},"content":{"rendered":"","protected":false},"excerpt":{"rendered":"<p>Unsere Schneideleiste f\u00fcr Gesch\u00e4fte ist perfekt f\u00fcr Gesch\u00e4fte, die viele Pakete verpacken und einen reibungslosen Verpackungsprozess ben\u00f6tigen. Mit Schnittbreiten von 40 cm bis 150 cm k\u00f6nnen Sie ganz einfach genau die Menge an Verpackungen abschneiden, die Sie ben\u00f6tigen. So minimieren Sie den Abfall und maximieren die Materialnutzung. <\/p>\n<p>Diese Schneideschiene eignet sich sowohl f\u00fcr die Werkstatt als auch f\u00fcr den industriellen Einsatz. Sie k\u00f6nnen sie auf einen vorhandenen Tisch montieren oder sie platzsparend in den Tisch integrieren. Sie befestigen die Papierrollen selbst mit einer Welle (nicht im Lieferumfang enthalten) im Inneren der Theke.  <\/p>\n<p>Erh\u00e4ltlich in den Farben Silber, Wei\u00df und Schwarz, passt er perfekt in Ihre Arbeitsumgebung.<\/p>\n","protected":false},"featured_media":145831,"comment_status":"closed","ping_status":"closed","template":"","meta":{"_monsterinsights_skip_tracking":false,"_monsterinsights_sitenote_active":false,"_monsterinsights_sitenote_note":"","_monsterinsights_sitenote_category":0},"product_brand":[],"product_cat":[441,443,464],"product_tag":[446],"class_list":{"0":"post-146949","1":"product","2":"type-product","3":"status-publish","4":"has-post-thumbnail","6":"product_cat-einzelhandel","7":"product_cat-industrie","8":"product_cat-kutter","9":"product_tag-einzelhandel","11":"first","12":"instock","13":"purchasable","14":"product-type-variable","15":"add-to-wishlist-before_image"},"_links":{"self":[{"href":"https:\/\/engstromindustry.com\/de\/wp-json\/wp\/v2\/product\/146949","targetHints":{"allow":["GET"]}}],"collection":[{"href":"https:\/\/engstromindustry.com\/de\/wp-json\/wp\/v2\/product"}],"about":[{"href":"https:\/\/engstromindustry.com\/de\/wp-json\/wp\/v2\/types\/product"}],"replies":[{"embeddable":true,"href":"https:\/\/engstromindustry.com\/de\/wp-json\/wp\/v2\/comments?post=146949"}],"wp:featuredmedia":[{"embeddable":true,"href":"https:\/\/engstromindustry.com\/de\/wp-json\/wp\/v2\/media\/145831"}],"wp:attachment":[{"href":"https:\/\/engstromindustry.com\/de\/wp-json\/wp\/v2\/media?parent=146949"}],"wp:term":[{"taxonomy":"product_brand","embeddable":true,"href":"https:\/\/engstromindustry.com\/de\/wp-json\/wp\/v2\/product_brand?post=146949"},{"taxonomy":"product_cat","embeddable":true,"href":"https:\/\/engstromindustry.com\/de\/wp-json\/wp\/v2\/product_cat?post=146949"},{"taxonomy":"product_tag","embeddable":true,"href":"https:\/\/engstromindustry.com\/de\/wp-json\/wp\/v2\/product_tag?post=146949"}],"curies":[{"name":"wp","href":"https:\/\/api.w.org\/{rel}","templated":true}]}}