{"id":145394,"date":"2018-08-27T12:18:48","date_gmt":"2018-08-27T12:18:48","guid":{"rendered":"https:\/\/engstromindustry.com\/kontakt\/"},"modified":"2025-09-18T08:23:11","modified_gmt":"2025-09-18T08:23:11","slug":"kontakt","status":"publish","type":"page","link":"https:\/\/engstromindustry.com\/de\/kontakt\/","title":{"rendered":"Kontakt"},"content":{"rendered":"<div class=\"wpb-content-wrapper\"><p>[vc_row row_height_percent=&#8220;50&#8243; override_padding=&#8220;yes&#8220; h_padding=&#8220;2&#8243; top_padding=&#8220;5&#8243; bottom_padding=&#8220;5&#8243; back_color=&#8220;accent&#8220; overlay_alpha=&#8220;80&#8243; equal_height=&#8220;yes&#8220; gutter_size=&#8220;4&#8243; column_width_percent=&#8220;100&#8243; shift_y=&#8220;0&#8243; z_index=&#8220;0&#8243; uncode_shortcode_id=&#8220;118324&#8243; back_color_type=&#8220;uncode-palette&#8220;][vc_column column_width_percent=&#8220;100&#8243; position_vertical=&#8220;middle&#8220; align_horizontal=&#8220;align_center&#8220; gutter_size=&#8220;3&#8243; style=&#8220;dark&#8220; overlay_alpha=&#8220;50&#8243; shift_x=&#8220;0&#8243; shift_y=&#8220;0&#8243; shift_y_down=&#8220;0&#8243; z_index=&#8220;0&#8243; medium_width=&#8220;0&#8243; mobile_width=&#8220;0&#8243; width=&#8220;1\/1&#8243;][vc_custom_heading heading_semantic=&#8220;h6&#8243; text_size=&#8220;custom&#8220; text_weight=&#8220;700&#8243; text_transform=&#8220;uppercase&#8220; text_height=&#8220;fontheight-357766&#8243; text_space=&#8220;fontspace-135905&#8243; uncode_shortcode_id=&#8220;147194&#8243; heading_custom_size=&#8220;14px&#8220;]Haben Sie eine Frage?[\/vc_custom_heading][vc_custom_heading heading_semantic=&#8220;h3&#8243; text_size=&#8220;fontsize-155944&#8243; uncode_shortcode_id=&#8220;132218&#8243;]Nehmen Sie Kontakt mit uns auf, wir helfen Ihnen![\/vc_custom_heading][\/vc_column][\/vc_row][vc_row row_height_percent=&#8220;0&#8243; override_padding=&#8220;yes&#8220; h_padding=&#8220;2&#8243; top_padding=&#8220;5&#8243; bottom_padding=&#8220;2&#8243; overlay_alpha=&#8220;50&#8243; gutter_size=&#8220;3&#8243; column_width_percent=&#8220;100&#8243; shift_y=&#8220;0&#8243; z_index=&#8220;0&#8243; uncode_shortcode_id=&#8220;123748&#8243;][vc_column column_width_percent=&#8220;100&#8243; align_horizontal=&#8220;align_center&#8220; gutter_size=&#8220;3&#8243; overlay_alpha=&#8220;50&#8243; shift_x=&#8220;0&#8243; shift_y=&#8220;0&#8243; shift_y_down=&#8220;0&#8243; z_index=&#8220;0&#8243; medium_width=&#8220;0&#8243; mobile_width=&#8220;0&#8243; width=&#8220;1\/1&#8243;][vc_row_inner][vc_column_inner column_width_percent=&#8220;100&#8243; align_horizontal=&#8220;align_center&#8220; gutter_size=&#8220;3&#8243; overlay_alpha=&#8220;50&#8243; shift_x=&#8220;0&#8243; shift_y=&#8220;0&#8243; shift_y_down=&#8220;0&#8243; z_index=&#8220;0&#8243; medium_width=&#8220;0&#8243; mobile_width=&#8220;0&#8243; width=&#8220;1\/4&#8243;][vc_icon icon=&#8220;fa fa-user3&#8243; size=&#8220;fa-3x&#8220; text_size=&#8220;h6&#8243; uncode_shortcode_id=&#8220;181497&#8243;]<strong>Lars-Erik Engstr\u00f6m<\/strong><em> CEO<\/em><br \/>\n+46 (0) 220-14800<br \/>\n<a href=\"mailto:info@engstromindustry.com\">info@engstromindustry.com<\/a>[\/vc_icon][\/vc_column_inner][vc_column_inner column_width_percent=&#8220;100&#8243; align_horizontal=&#8220;align_center&#8220; gutter_size=&#8220;3&#8243; overlay_alpha=&#8220;50&#8243; shift_x=&#8220;0&#8243; shift_y=&#8220;0&#8243; shift_y_down=&#8220;0&#8243; z_index=&#8220;0&#8243; medium_width=&#8220;0&#8243; mobile_width=&#8220;0&#8243; width=&#8220;1\/4&#8243;][vc_icon icon=&#8220;fa fa-user3&#8243; size=&#8220;fa-3x&#8220; text_size=&#8220;h6&#8243; uncode_shortcode_id=&#8220;423657&#8243;]<strong>Anna Jonsson <\/strong><em>Bestellung &amp; Finanzen<\/em><br \/>\n+46 (0) 220-14800<br \/>\n<a href=\"mailto:order@engstromindustry.com\">order@engstromindustry.com<\/a><br \/>\n<a href=\"mailto:finance@engstromindustry.com\">finance@engstromindustry.com<\/a>[\/vc_icon][\/vc_column_inner][vc_column_inner column_width_percent=&#8220;100&#8243; align_horizontal=&#8220;align_center&#8220; gutter_size=&#8220;3&#8243; overlay_alpha=&#8220;50&#8243; shift_x=&#8220;0&#8243; shift_y=&#8220;0&#8243; shift_y_down=&#8220;0&#8243; z_index=&#8220;0&#8243; medium_width=&#8220;0&#8243; mobile_width=&#8220;0&#8243; width=&#8220;1\/4&#8243;][vc_icon icon=&#8220;fa fa-phone&#8220; size=&#8220;fa-3x&#8220; text_size=&#8220;h6&#8243; title=&#8220;+46 (0)220 148 00&#8243; uncode_shortcode_id=&#8220;112331&#8243;]<strong>Besuchsadresse<\/strong><br \/>\nVidev\u00e4gen 3<br \/>\nS-734 38 Hallstahammar<br \/>\nSchweden[\/vc_icon][\/vc_column_inner][vc_column_inner column_width_percent=&#8220;100&#8243; align_horizontal=&#8220;align_center&#8220; gutter_size=&#8220;3&#8243; overlay_alpha=&#8220;50&#8243; shift_x=&#8220;0&#8243; shift_y=&#8220;0&#8243; shift_y_down=&#8220;0&#8243; z_index=&#8220;0&#8243; medium_width=&#8220;0&#8243; mobile_width=&#8220;0&#8243; width=&#8220;1\/4&#8243; uncode_shortcode_id=&#8220;945179&#8243;][vc_icon icon=&#8220;fa fa-envelope3&#8243; size=&#8220;fa-3x&#8220; text_size=&#8220;h6&#8243; uncode_shortcode_id=&#8220;853769&#8243;]<strong>Postanschrift<\/strong><br \/>\nBox 128<br \/>\nS-734 23 Hallstahammar<br \/>\nSchweden[\/vc_icon][\/vc_column_inner][\/vc_row_inner][\/vc_column][\/vc_row][vc_row row_height_percent=&#8220;0&#8243; override_padding=&#8220;yes&#8220; h_padding=&#8220;2&#8243; top_padding=&#8220;5&#8243; bottom_padding=&#8220;3&#8243; overlay_alpha=&#8220;50&#8243; equal_height=&#8220;yes&#8220; gutter_size=&#8220;4&#8243; column_width_percent=&#8220;100&#8243; shift_y=&#8220;0&#8243; z_index=&#8220;0&#8243; uncode_shortcode_id=&#8220;678826&#8243;][vc_column column_width_use_pixel=&#8220;yes&#8220; position_vertical=&#8220;middle&#8220; align_horizontal=&#8220;align_center&#8220; gutter_size=&#8220;3&#8243; overlay_alpha=&#8220;50&#8243; shift_x=&#8220;0&#8243; shift_y=&#8220;0&#8243; shift_y_down=&#8220;0&#8243; z_index=&#8220;0&#8243; medium_width=&#8220;0&#8243; mobile_width=&#8220;0&#8243; width=&#8220;1\/1&#8243; column_width_pixel=&#8220;900&#8243;][vc_custom_heading heading_semantic=&#8220;h3&#8243; text_size=&#8220;fontsize-155944&#8243; uncode_shortcode_id=&#8220;277213&#8243;]Ein Familienunternehmen seit 1941[\/vc_custom_heading][vc_single_image media=&#8220;142883&#8243; media_width_percent=&#8220;100&#8243; media_ratio=&#8220;twentyone-nine&#8220; alignment=&#8220;center&#8220; uncode_shortcode_id=&#8220;591563&#8243;][vc_column_text text_lead=&#8220;yes&#8220; uncode_shortcode_id=&#8220;129807&#8243;]H.Engstr\u00f6m Industri AB wurde im Jahr 1941 gegr\u00fcndet. Im Jahr 2021 blicken wir auf achtzig Jahre Erfahrung mit Schneide- und Rei\u00dfger\u00e4ten f\u00fcr Handel und Industrie zur\u00fcck. In unserem Unternehmen gehen Qualit\u00e4t und Tradition Hand in Hand mit st\u00e4ndiger Innovation und Entwicklung. Heute sind wir Schwedens f\u00fchrender Hersteller, der ein komplettes Produktsortiment an Schneide- und Aufrei\u00dfger\u00e4ten f\u00fcr Verpackungsmaterialien im Einzelhandel und in der Industrie anbietet. Wir bieten auch St\u00e4nder und Halter f\u00fcr B\u00e4nder, Schn\u00fcre und Klebeband an. Unsere Produktfamilie deckt den gesamten Bedarf an Geschenkverpackungen in den modernen Gesch\u00e4ften von heute, sowohl in gro\u00dfen als auch in kleinen.[\/vc_column_text][\/vc_column][\/vc_row][vc_row][vc_column width=&#8220;1\/1&#8243;][uncode_block id=&#8220;144295&#8243;][\/vc_column][\/vc_row]<\/p>\n<\/div>","protected":false},"excerpt":{"rendered":"<p>[vc_row row_height_percent=&#8220;50&#8243; override_padding=&#8220;yes&#8220; h_padding=&#8220;2&#8243; top_padding=&#8220;5&#8243; bottom_padding=&#8220;5&#8243; back_color=&#8220;accent&#8220; overlay_alpha=&#8220;80&#8243; equal_height=&#8220;yes&#8220; gutter_size=&#8220;4&#8243; column_width_percent=&#8220;100&#8243; shift_y=&#8220;0&#8243; z_index=&#8220;0&#8243; uncode_shortcode_id=&#8220;118324&#8243; back_color_type=&#8220;uncode-palette&#8220;][vc_column column_width_percent=&#8220;100&#8243; position_vertical=&#8220;middle&#8220; align_horizontal=&#8220;align_center&#8220; gutter_size=&#8220;3&#8243; style=&#8220;dark&#8220; [&hellip;]<\/p>\n","protected":false},"author":1,"featured_media":143961,"parent":0,"menu_order":0,"comment_status":"closed","ping_status":"closed","template":"","meta":{"_monsterinsights_skip_tracking":false,"_monsterinsights_sitenote_active":false,"_monsterinsights_sitenote_note":"","_monsterinsights_sitenote_category":0,"footnotes":""},"class_list":["post-145394","page","type-page","status-publish","has-post-thumbnail","hentry"],"_links":{"self":[{"href":"https:\/\/engstromindustry.com\/de\/wp-json\/wp\/v2\/pages\/145394","targetHints":{"allow":["GET"]}}],"collection":[{"href":"https:\/\/engstromindustry.com\/de\/wp-json\/wp\/v2\/pages"}],"about":[{"href":"https:\/\/engstromindustry.com\/de\/wp-json\/wp\/v2\/types\/page"}],"author":[{"embeddable":true,"href":"https:\/\/engstromindustry.com\/de\/wp-json\/wp\/v2\/users\/1"}],"replies":[{"embeddable":true,"href":"https:\/\/engstromindustry.com\/de\/wp-json\/wp\/v2\/comments?post=145394"}],"version-history":[{"count":8,"href":"https:\/\/engstromindustry.com\/de\/wp-json\/wp\/v2\/pages\/145394\/revisions"}],"predecessor-version":[{"id":145415,"href":"https:\/\/engstromindustry.com\/de\/wp-json\/wp\/v2\/pages\/145394\/revisions\/145415"}],"wp:featuredmedia":[{"embeddable":true,"href":"https:\/\/engstromindustry.com\/de\/wp-json\/wp\/v2\/media\/143961"}],"wp:attachment":[{"href":"https:\/\/engstromindustry.com\/de\/wp-json\/wp\/v2\/media?parent=145394"}],"curies":[{"name":"wp","href":"https:\/\/api.w.org\/{rel}","templated":true}]}}