{"id":145292,"date":"2024-07-03T13:11:01","date_gmt":"2024-07-03T13:11:01","guid":{"rendered":"https:\/\/engstromindustry.com\/einzelhandel\/"},"modified":"2025-10-29T07:56:11","modified_gmt":"2025-10-29T07:56:11","slug":"einzelhandel","status":"publish","type":"page","link":"https:\/\/engstromindustry.com\/de\/einzelhandel\/","title":{"rendered":"Einzelhandel"},"content":{"rendered":"<div class=\"wpb-content-wrapper\"><p>[vc_row row_height_percent=&#8220;85&#8243; override_padding=&#8220;yes&#8220; h_padding=&#8220;2&#8243; top_padding=&#8220;4&#8243; bottom_padding=&#8220;2&#8243; back_color=&#8220;color-105898&#8243; back_image=&#8220;142365&#8243; back_position=&#8220;center top&#8220; parallax=&#8220;yes&#8220; overlay_color=&#8220;color-jevc&#8220; overlay_alpha=&#8220;10&#8243; equal_height=&#8220;yes&#8220; gutter_size=&#8220;3&#8243; column_width_percent=&#8220;100&#8243; shift_y=&#8220;0&#8243; z_index=&#8220;1&#8243; enable_top_divider=&#8220;default&#8220; top_divider=&#8220;gradient&#8220; shape_top_h_use_pixel=&#8220;&#8220; shape_top_height=&#8220;400&#8243; shape_top_color=&#8220;color-jevc&#8220; shape_top_opacity=&#8220;15&#8243; shape_top_index=&#8220;0&#8243; enable_bottom_divider=&#8220;default&#8220; bottom_divider_inv=&#8220;curve-opacity&#8220; shape_bottom_invert=&#8220;yes&#8220; shape_bottom_h_use_pixel=&#8220;&#8220; shape_bottom_height=&#8220;108&#8243; shape_bottom_color=&#8220;color-lxmt&#8220; shape_bottom_opacity=&#8220;100&#8243; shape_bottom_index=&#8220;0&#8243; row_name=&#8220;Welcome&#8220; uncode_shortcode_id=&#8220;341197&#8243; back_color_type=&#8220;uncode-palette&#8220; shape_bottom_color_type=&#8220;uncode-palette&#8220; shape_top_color_type=&#8220;uncode-palette&#8220; overlay_color_type=&#8220;uncode-palette&#8220;][vc_column column_width_percent=&#8220;100&#8243; align_horizontal=&#8220;align_center&#8220; gutter_size=&#8220;2&#8243; style=&#8220;dark&#8220; overlay_alpha=&#8220;50&#8243; shift_x=&#8220;0&#8243; shift_y=&#8220;0&#8243; shift_y_down=&#8220;0&#8243; z_index=&#8220;4&#8243; medium_width=&#8220;4&#8243; align_mobile=&#8220;align_center_mobile&#8220; mobile_width=&#8220;0&#8243; css_animation=&#8220;bottom-t-top&#8220; animation_speed=&#8220;1000&#8243; width=&#8220;1\/1&#8243; uncode_shortcode_id=&#8220;294915&#8243;][vc_row_inner row_inner_height_percent=&#8220;0&#8243; overlay_alpha=&#8220;50&#8243; gutter_size=&#8220;3&#8243; shift_y=&#8220;0&#8243; z_index=&#8220;0&#8243; limit_content=&#8220;&#8220; uncode_shortcode_id=&#8220;988618&#8243;][vc_column_inner column_width_use_pixel=&#8220;yes&#8220; position_horizontal=&#8220;left&#8220; position_vertical=&#8220;middle&#8220; gutter_size=&#8220;2&#8243; style=&#8220;dark&#8220; overlay_alpha=&#8220;50&#8243; shift_x=&#8220;0&#8243; shift_y=&#8220;0&#8243; shift_y_down=&#8220;0&#8243; z_index=&#8220;0&#8243; medium_width=&#8220;0&#8243; mobile_width=&#8220;0&#8243; width=&#8220;1\/1&#8243; uncode_shortcode_id=&#8220;208445&#8243; column_width_pixel=&#8220;900&#8243;][vc_custom_heading text_size=&#8220;custom&#8220; text_weight=&#8220;700&#8243; text_transform=&#8220;uppercase&#8220; text_height=&#8220;fontheight-357766&#8243; text_space=&#8220;fontspace-210350&#8243; sub_lead=&#8220;yes&#8220; mobile_visibility=&#8220;yes&#8220; uncode_shortcode_id=&#8220;475235&#8243; heading_custom_size=&#8220;14px&#8220;]KOLLEKTION[\/vc_custom_heading][vc_custom_heading heading_semantic=&#8220;h1&#8243; text_font=&#8220;font-362383&#8243; text_size=&#8220;fontsize-338686&#8243; text_weight=&#8220;400&#8243; text_space=&#8220;fontspace-781688&#8243; uncode_shortcode_id=&#8220;679821&#8243;]Professionelle Verpackungen und Geschenkverpackungsl\u00f6sungen f\u00fcr den Einzelhandel[\/vc_custom_heading][\/vc_column_inner][\/vc_row_inner][vc_empty_space empty_h=&#8220;1&#8243; mobile_visibility=&#8220;yes&#8220;][vc_row_inner row_inner_height_percent=&#8220;0&#8243; overlay_alpha=&#8220;50&#8243; gutter_size=&#8220;3&#8243; shift_y=&#8220;0&#8243; z_index=&#8220;0&#8243; limit_content=&#8220;&#8220;][vc_column_inner column_width_percent=&#8220;100&#8243; position_horizontal=&#8220;left&#8220; gutter_size=&#8220;3&#8243; style=&#8220;dark&#8220; overlay_alpha=&#8220;50&#8243; shift_x=&#8220;0&#8243; shift_y=&#8220;0&#8243; shift_y_down=&#8220;0&#8243; z_index=&#8220;3&#8243; medium_width=&#8220;0&#8243; mobile_width=&#8220;0&#8243; width=&#8220;1\/1&#8243; uncode_shortcode_id=&#8220;156729&#8243;][vc_custom_heading text_size=&#8220;h5&#8243; text_weight=&#8220;400&#8243; text_height=&#8220;fontheight-357766&#8243; sub_lead=&#8220;yes&#8220; uncode_shortcode_id=&#8220;132687&#8243;]Statten Sie Ihr Gesch\u00e4ft mit unserem umfassenden Angebot an Verpackungs- und Geschenkverpackungsl\u00f6sungen f\u00fcr den Einzelhandel aus. Hier finden Sie alles, was Sie f\u00fcr ein reibungsloses und professionelles Einpacken ben\u00f6tigen, allen voran unsere Schneideger\u00e4te, die daf\u00fcr sorgen, dass kein einziger Zentimeter Geschenkpapier verschwendet wird.[\/vc_custom_heading][\/vc_column_inner][\/vc_row_inner][vc_empty_space empty_h=&#8220;2&#8243; mobile_visibility=&#8220;yes&#8220;][vc_row_inner row_inner_height_percent=&#8220;0&#8243; overlay_alpha=&#8220;50&#8243; gutter_size=&#8220;3&#8243; shift_y=&#8220;0&#8243; z_index=&#8220;0&#8243; el_class=&#8220;row-button&#8220; limit_content=&#8220;&#8220;][vc_column_inner column_width_use_pixel=&#8220;yes&#8220; position_horizontal=&#8220;left&#8220; gutter_size=&#8220;3&#8243; style=&#8220;dark&#8220; overlay_alpha=&#8220;50&#8243; shift_x=&#8220;0&#8243; shift_y=&#8220;0&#8243; shift_y_down=&#8220;0&#8243; z_index=&#8220;3&#8243; medium_width=&#8220;0&#8243; mobile_width=&#8220;0&#8243; width=&#8220;1\/1&#8243; column_width_pixel=&#8220;700&#8243; uncode_shortcode_id=&#8220;457602&#8243;][vc_button button_color=&#8220;accent&#8220; custom_typo=&#8220;yes&#8220; font_family=&#8220;font-362383&#8243; font_weight=&#8220;600&#8243; border_width=&#8220;0&#8243; display=&#8220;inline&#8220; scale_mobile=&#8220;no&#8220; icon=&#8220;fa fa-arrow-down2&#8243; link=&#8220;url:%23produkter|&#8220; uncode_shortcode_id=&#8220;139622&#8243; button_color_type=&#8220;uncode-palette&#8220; width=&#8220;150&#8243;]PRODUKTE ANSEHEN[\/vc_button][\/vc_column_inner][\/vc_row_inner][vc_empty_space empty_h=&#8220;3&#8243; desktop_visibility=&#8220;yes&#8220;][\/vc_column][\/vc_row][vc_row row_height_percent=&#8220;0&#8243; override_padding=&#8220;yes&#8220; h_padding=&#8220;2&#8243; top_padding=&#8220;3&#8243; bottom_padding=&#8220;3&#8243; back_color=&#8220;color-xsdn&#8220; overlay_alpha=&#8220;50&#8243; gutter_size=&#8220;3&#8243; column_width_percent=&#8220;100&#8243; shift_y=&#8220;0&#8243; z_index=&#8220;0&#8243; uncode_shortcode_id=&#8220;125749&#8243; back_color_type=&#8220;uncode-palette&#8220; row_name=&#8220;produkter&#8220;][vc_column column_width_percent=&#8220;100&#8243; gutter_size=&#8220;3&#8243; overlay_alpha=&#8220;50&#8243; shift_x=&#8220;0&#8243; shift_y=&#8220;0&#8243; shift_y_down=&#8220;0&#8243; z_index=&#8220;0&#8243; medium_width=&#8220;0&#8243; mobile_width=&#8220;0&#8243; width=&#8220;1\/1&#8243; uncode_shortcode_id=&#8220;198801&#8243;][uncode_index el_id=&#8220;index-9876&#8243; index_type=&#8220;css_grid&#8220; loop=&#8220;size:All|order_by:date|post_type:product|by_id:146999,147191,147228,147063,147166,147134,147031,147031,147304,147289,147278,147588|taxonomy_order:term_order|taxonomy_count:All&#8220; grid_items=&#8220;3&#8243; screen_lg_items=&#8220;3&#8243; screen_lg_breakpoint=&#8220;1400&#8243; screen_md_items=&#8220;3&#8243; screen_md_breakpoint=&#8220;900&#8243; screen_sm_items=&#8220;2&#8243; screen_sm_breakpoint=&#8220;480&#8243; gutter_size=&#8220;2&#8243; product_items=&#8220;media|featured|onpost|original|hide-sale|inherit-atc|inherit-w-atc|atc-typo-default|show-atc,title&#8220; uncode_taxonomy_items=&#8220;media|secondary|onpost|original,title,count|transparentbg|topright|hide-label&#8220; css_grid_images_size=&#8220;one-one&#8220; single_overlay_opacity=&#8220;50&#8243; single_overlay_anim=&#8220;no&#8220; single_text_visible=&#8220;yes&#8220; single_text_anim=&#8220;no&#8220; single_padding=&#8220;1&#8243; single_border=&#8220;yes&#8220; custom_order=&#8220;yes&#8220; no_double_tap=&#8220;yes&#8220; uncode_shortcode_id=&#8220;752160&#8243;][\/vc_column][\/vc_row]<\/p>\n<\/div>","protected":false},"excerpt":{"rendered":"<p>[vc_row row_height_percent=&#8220;85&#8243; override_padding=&#8220;yes&#8220; h_padding=&#8220;2&#8243; top_padding=&#8220;4&#8243; bottom_padding=&#8220;2&#8243; back_color=&#8220;color-105898&#8243; back_image=&#8220;142365&#8243; back_position=&#8220;center top&#8220; parallax=&#8220;yes&#8220; overlay_color=&#8220;color-jevc&#8220; overlay_alpha=&#8220;10&#8243; equal_height=&#8220;yes&#8220; gutter_size=&#8220;3&#8243; column_width_percent=&#8220;100&#8243; shift_y=&#8220;0&#8243; z_index=&#8220;1&#8243; enable_top_divider=&#8220;default&#8220; top_divider=&#8220;gradient&#8220; [&hellip;]<\/p>\n","protected":false},"author":4,"featured_media":143959,"parent":0,"menu_order":0,"comment_status":"closed","ping_status":"closed","template":"","meta":{"_monsterinsights_skip_tracking":false,"_monsterinsights_sitenote_active":false,"_monsterinsights_sitenote_note":"","_monsterinsights_sitenote_category":0,"footnotes":""},"class_list":["post-145292","page","type-page","status-publish","has-post-thumbnail","hentry"],"_links":{"self":[{"href":"https:\/\/engstromindustry.com\/de\/wp-json\/wp\/v2\/pages\/145292","targetHints":{"allow":["GET"]}}],"collection":[{"href":"https:\/\/engstromindustry.com\/de\/wp-json\/wp\/v2\/pages"}],"about":[{"href":"https:\/\/engstromindustry.com\/de\/wp-json\/wp\/v2\/types\/page"}],"author":[{"embeddable":true,"href":"https:\/\/engstromindustry.com\/de\/wp-json\/wp\/v2\/users\/4"}],"replies":[{"embeddable":true,"href":"https:\/\/engstromindustry.com\/de\/wp-json\/wp\/v2\/comments?post=145292"}],"version-history":[{"count":8,"href":"https:\/\/engstromindustry.com\/de\/wp-json\/wp\/v2\/pages\/145292\/revisions"}],"predecessor-version":[{"id":148157,"href":"https:\/\/engstromindustry.com\/de\/wp-json\/wp\/v2\/pages\/145292\/revisions\/148157"}],"wp:featuredmedia":[{"embeddable":true,"href":"https:\/\/engstromindustry.com\/de\/wp-json\/wp\/v2\/media\/143959"}],"wp:attachment":[{"href":"https:\/\/engstromindustry.com\/de\/wp-json\/wp\/v2\/media?parent=145292"}],"curies":[{"name":"wp","href":"https:\/\/api.w.org\/{rel}","templated":true}]}}